{"id":9787,"date":"2021-05-21T08:25:11","date_gmt":"2021-05-21T06:25:11","guid":{"rendered":"https:\/\/dgmk.de\/?page_id=9787"},"modified":"2021-05-21T08:25:11","modified_gmt":"2021-05-21T06:25:11","slug":"data-protection-2","status":"publish","type":"page","link":"https:\/\/dgmk.de\/en\/data-protection-2\/","title":{"rendered":"Disclaimer"},"content":{"rendered":"<div class=\"wpb-content-wrapper\"><div class='nd-container-big'><div data-vc-full-width=\"true\" data-vc-full-width-temp=\"true\" data-vc-full-width-init=\"false\" class=\"vc_row wpb_row vc_row-fluid\"><div class=\"wpb_column vc_column_container vc_col-sm-10\"><div class=\"vc_column-inner\"><div class=\"wpb_wrapper\"><div class='wpb_content_element empty_space'>\n\t<div class='d-none d-md-block spacer_medium_big' style=''><\/div>\n\t<div class='d-block d-md-none spacer_medium_big' style=''><\/div>\n<\/div>\n\t<div class=\"wpb_text_column wpb_content_element\" >\n\t\t<div class=\"wpb_wrapper\">\n\t\t\t<h1>Liability committee<\/h1>\n<p>&nbsp;<\/p>\n<p>ISOFAM 2021 is used for the volume conversion of mineral oil products. The calculations included in the program are based on DIN 51757:2011-01 and Bbl:2012-05 and DIN 51650:2006-07 .<\/p>\n<p>The program was created and tested to the best of our knowledge and belief. With the purchase of the license, the user acquires the right to acquire the program for the intended purpose, to install it on a suitable device of his choice and to use it.<\/p>\n<p>DGMK e.V., hereinafter referred to as the \"Author\", assumes the warranty for the proper functioning of the program from a technical point of view. The author accepts no liability or responsibility for damages of any kind arising from the use of the program. The use of the program and the results of the calculations takes place without the involvement of the author and at the user's own risk. The user is responsible for checking the plausibility of the results of the calculations.<\/p>\n<p>The author assumes no liability for damages of any kind arising from the use of the program. Likewise, he is not liable for direct or indirect consequential damages, loss of data, loss of profit, costs incurred, system or production failures.<\/p>\n<p>The author also accepts no liability for financial losses arising, for example, from \"non-recognition\" of the results of the calculations.<\/p>\n<p>The author assumes no responsibility for errors that may occur due to ambiguities or errors in the underlying documents. The author does not guarantee the accuracy and completeness of the contents of these documents. No guarantees, assurances or other legal claims are established.<\/p>\n<p>&nbsp;<\/p>\n\n\t\t<\/div>\n\t<\/div>\n<\/div><\/div><\/div><div class=\"wpb_column vc_column_container vc_col-sm-2\"><div class=\"vc_column-inner\"><div class=\"wpb_wrapper\"><\/div><\/div><\/div><\/div><div class=\"vc_row-full-width vc_clearfix\"><\/div><\/div>\n<\/div>","protected":false},"excerpt":{"rendered":"Liability Committee ISOFAM 2021 is used for the volume conversion of mineral oil products. The calculations included in the program are based on DIN 51757:2011-01 and Bbl:2012-05 and DIN 51650:2006-07 . The program has been created and tested to the best of our knowledge and belief. By purchasing the license, the user acquires the right to use the program for the intended purpose. <a href=\"https:\/\/dgmk.de\/en\/data-protection-2\/\">Continued<\/a>","protected":false},"author":1,"featured_media":0,"parent":0,"menu_order":12,"comment_status":"closed","ping_status":"closed","template":"","meta":{"_acf_changed":false,"footnotes":""},"class_list":["post-9787","page","type-page","status-publish","hentry"],"acf":[],"yoast_head":"<!-- This site is optimized with the Yoast SEO plugin v26.2 - https:\/\/yoast.com\/wordpress\/plugins\/seo\/ -->\n<title>Haftungsausschluss - DGMK e.V.<\/title>\n<meta name=\"robots\" content=\"index, follow, max-snippet:-1, max-image-preview:large, max-video-preview:-1\" \/>\n<link rel=\"canonical\" href=\"https:\/\/dgmk.de\/en\/data-protection-2\/\" \/>\n<meta property=\"og:locale\" content=\"en_US\" \/>\n<meta property=\"og:type\" content=\"article\" \/>\n<meta property=\"og:title\" content=\"Haftungsausschluss - DGMK e.V.\" \/>\n<meta property=\"og:url\" content=\"https:\/\/dgmk.de\/en\/data-protection-2\/\" \/>\n<meta property=\"og:site_name\" content=\"DGMK e.V.\" \/>\n<meta name=\"twitter:card\" content=\"summary_large_image\" \/>\n<meta name=\"twitter:label1\" content=\"Est. reading time\" \/>\n\t<meta name=\"twitter:data1\" content=\"2 minutes\" \/>\n<script type=\"application\/ld+json\" class=\"yoast-schema-graph\">{\"@context\":\"https:\/\/schema.org\",\"@graph\":[{\"@type\":\"WebPage\",\"@id\":\"https:\/\/dgmk.de\/haftungsausschluss\/\",\"url\":\"https:\/\/dgmk.de\/haftungsausschluss\/\",\"name\":\"Haftungsausschluss - DGMK e.V.\",\"isPartOf\":{\"@id\":\"https:\/\/dgmk.de\/#website\"},\"datePublished\":\"2021-05-21T06:25:11+00:00\",\"breadcrumb\":{\"@id\":\"https:\/\/dgmk.de\/haftungsausschluss\/#breadcrumb\"},\"inLanguage\":\"en-US\",\"potentialAction\":[{\"@type\":\"ReadAction\",\"target\":[\"https:\/\/dgmk.de\/haftungsausschluss\/\"]}]},{\"@type\":\"BreadcrumbList\",\"@id\":\"https:\/\/dgmk.de\/haftungsausschluss\/#breadcrumb\",\"itemListElement\":[{\"@type\":\"ListItem\",\"position\":1,\"name\":\"Home\",\"item\":\"https:\/\/dgmk.de\/\"},{\"@type\":\"ListItem\",\"position\":2,\"name\":\"Haftungsausschluss\"}]},{\"@type\":\"WebSite\",\"@id\":\"https:\/\/dgmk.de\/#website\",\"url\":\"https:\/\/dgmk.de\/\",\"name\":\"DGMK e.V.\",\"description\":\"Deutsche Wissenschaftliche Gesellschaft f\u00fcr nachhaltige Energietr\u00e4ger, Mobilit\u00e4t und Kohlenstoffkreisl\u00e4ufe e.V.\",\"potentialAction\":[{\"@type\":\"SearchAction\",\"target\":{\"@type\":\"EntryPoint\",\"urlTemplate\":\"https:\/\/dgmk.de\/?s={search_term_string}\"},\"query-input\":{\"@type\":\"PropertyValueSpecification\",\"valueRequired\":true,\"valueName\":\"search_term_string\"}}],\"inLanguage\":\"en-US\"}]}<\/script>\n<!-- \/ Yoast SEO plugin. -->","yoast_head_json":{"title":"Disclaimer - DGMK e.V.","robots":{"index":"index","follow":"follow","max-snippet":"max-snippet:-1","max-image-preview":"max-image-preview:large","max-video-preview":"max-video-preview:-1"},"canonical":"https:\/\/dgmk.de\/en\/data-protection-2\/","og_locale":"en_US","og_type":"article","og_title":"Haftungsausschluss - DGMK e.V.","og_url":"https:\/\/dgmk.de\/en\/data-protection-2\/","og_site_name":"DGMK e.V.","twitter_card":"summary_large_image","twitter_misc":{"Est. reading time":"2 minutes"},"schema":{"@context":"https:\/\/schema.org","@graph":[{"@type":"WebPage","@id":"https:\/\/dgmk.de\/haftungsausschluss\/","url":"https:\/\/dgmk.de\/haftungsausschluss\/","name":"Disclaimer - DGMK e.V.","isPartOf":{"@id":"https:\/\/dgmk.de\/#website"},"datePublished":"2021-05-21T06:25:11+00:00","breadcrumb":{"@id":"https:\/\/dgmk.de\/haftungsausschluss\/#breadcrumb"},"inLanguage":"en-US","potentialAction":[{"@type":"ReadAction","target":["https:\/\/dgmk.de\/haftungsausschluss\/"]}]},{"@type":"BreadcrumbList","@id":"https:\/\/dgmk.de\/haftungsausschluss\/#breadcrumb","itemListElement":[{"@type":"ListItem","position":1,"name":"Home","item":"https:\/\/dgmk.de\/"},{"@type":"ListItem","position":2,"name":"Haftungsausschluss"}]},{"@type":"WebSite","@id":"https:\/\/dgmk.de\/#website","url":"https:\/\/dgmk.de\/","name":"DGMK e.V.","description":"DGMK German Society for Sustainable Energy Carriers, Mobility and Carbon Cycles e.V.","potentialAction":[{"@type":"SearchAction","target":{"@type":"EntryPoint","urlTemplate":"https:\/\/dgmk.de\/?s={search_term_string}"},"query-input":{"@type":"PropertyValueSpecification","valueRequired":true,"valueName":"search_term_string"}}],"inLanguage":"en-US"}]}},"_links":{"self":[{"href":"https:\/\/dgmk.de\/en\/wp-json\/wp\/v2\/pages\/9787","targetHints":{"allow":["GET"]}}],"collection":[{"href":"https:\/\/dgmk.de\/en\/wp-json\/wp\/v2\/pages"}],"about":[{"href":"https:\/\/dgmk.de\/en\/wp-json\/wp\/v2\/types\/page"}],"author":[{"embeddable":true,"href":"https:\/\/dgmk.de\/en\/wp-json\/wp\/v2\/users\/1"}],"replies":[{"embeddable":true,"href":"https:\/\/dgmk.de\/en\/wp-json\/wp\/v2\/comments?post=9787"}],"version-history":[{"count":0,"href":"https:\/\/dgmk.de\/en\/wp-json\/wp\/v2\/pages\/9787\/revisions"}],"wp:attachment":[{"href":"https:\/\/dgmk.de\/en\/wp-json\/wp\/v2\/media?parent=9787"}],"curies":[{"name":"wp","href":"https:\/\/api.w.org\/{rel}","templated":true}]}}