{"id":258,"date":"2018-05-25T08:50:45","date_gmt":"2018-05-25T06:50:45","guid":{"rendered":"http:\/\/dgmk.test\/?page_id=258"},"modified":"2018-07-10T16:54:43","modified_gmt":"2018-07-10T14:54:43","slug":"topics","status":"publish","type":"page","link":"https:\/\/dgmk.de\/en\/topics\/","title":{"rendered":"Topics"},"content":{"rendered":"<div class=\"wpb-content-wrapper\"><div class='nd-container-big'><div data-vc-full-width=\"true\" data-vc-full-width-temp=\"true\" data-vc-full-width-init=\"false\" class=\"vc_row wpb_row vc_row-fluid\"><div class=\"wpb_column vc_column_container vc_col-sm-12\"><div class=\"vc_column-inner\"><div class=\"wpb_wrapper\"><div class='wpb_content_element empty_space'>\n\t<div class='d-none d-md-block spacer_big' style=''><\/div>\n\t<div class='d-block d-md-none spacer_big' style=''><\/div>\n<\/div><div class=\"wpb_content_element topic_grid\">\n\t<div class=\"row\">\n\n\t\t\t\t\t\t\t\n\t\t\t\t<div class=\"col-lg-4 col-sm-6\">\n\t\t\t\t\t<div data-section=\"topic_teaser\" data-topic=\"TOPIC_AUFSUCHUNG_UND_GEWINNUNG\" data-same-height-group=\"topic_teaser_grid\" data-same-height-group-min-xxs=\"true\">\n\t\t\t\t\t\t\n\t\t\t\t\t\t<a href=\"https:\/\/dgmk.de\/en\/topics\/exploration-and-production-2\/\" class=\"topic-hover-button-color\">\n\n\t\t\t\t\t\t\t\t\t\t\t\t\t\t<div data-field=\"featured_image\">\n\t\t\t\t\t\t\t\t<div class='inner'>\n\t\t\t\t\t\t\t\t\t<div class=\"bg_image_set\" data-size-on-screen=\"half\" style=\"\" ><div style=\"background-image: url(https:\/\/dgmk.de\/app\/uploads\/2023\/07\/shutterstock_1282711933-480x320.jpg)\" data-size=\"small\"><\/div><div style=\"background-image: url(https:\/\/dgmk.de\/app\/uploads\/2023\/07\/shutterstock_1282711933-720x480.jpg)\" data-size=\"medium\"><\/div><div style=\"background-image: url(https:\/\/dgmk.de\/app\/uploads\/2023\/07\/shutterstock_1282711933-1162x775.jpg)\" data-size=\"medium_large\"><\/div><div style=\"background-image: url(https:\/\/dgmk.de\/app\/uploads\/2023\/07\/shutterstock_1282711933-1620x1080.jpg)\" data-size=\"large\"><\/div><div style=\"background-image: url(https:\/\/dgmk.de\/app\/uploads\/2023\/07\/shutterstock_1282711933-2430x1620.jpg)\" data-size=\"very_large\"><\/div><div style=\"background-image: url(https:\/\/dgmk.de\/app\/uploads\/2023\/07\/shutterstock_1282711933-scaled.jpg)\" data-size=\"very_very_large\"><\/div><\/div>\n\t\t\t\t\t\t\t\t<\/div>\n\t\t\t\t\t\t\t<\/div>\n\n\t\t\t\t\t\t\t\t\t\t\t\t\t\t<div data-field=\"content\">\n\t\t\t\t\t\t\t\t<h2 data-field=\"title\">Geo-Energy Systems and Subsurface Technologies<\/h2>\n\t\t\t\t\t\t\t\t<p data-field=\"teaser_text\">We support the research and development of advanced technologies for the sustainable use of the deep subsurface. These include exploration &amp; production of hydrocarbons and REE &amp; lithium, for storage of natural gas and hydrogen, and for geothermal energy. Our partners include E&amp;P companies, storage operators, service companies, universities and research institutions.<\/p>\n\t\t\t\t\t\t\t<\/div>\n\n\t\t\t\t\t\t\t\t\t\t\t\t\t\t<div class='wpb_content_element button_wrapper center topic-hover-button-color'>\n    <div class=\"button_element\" style=\"min-width: 200px;\">\n\n    \t        \t<span class=\"button\">\n        \n            Learn more\n\n                \t<\/span>\n        \n    <\/div>\n<\/div>\n\t\t\t\t\t\t\n\t\t\t\t\t\t\t\t\t\t\t\t\t\t<div class=\"hexagon big topic-hexagon-color\"><\/div>\n\t\t\t\t\t\t<\/a>\n\t\t\t\t\t\t\n\t\t\t\t\t<\/div>\n\t\t\t\t<\/div>\n\n\t\t\t\t\t\t\t\t\n\t\t\t\t<div class=\"col-lg-4 col-sm-6\">\n\t\t\t\t\t<div data-section=\"topic_teaser\" data-topic=\"TOPIC_VERARBEITUNG_UND_ANWENDUNG\" data-same-height-group=\"topic_teaser_grid\" data-same-height-group-min-xxs=\"true\">\n\t\t\t\t\t\t\n\t\t\t\t\t\t<a href=\"https:\/\/dgmk.de\/en\/topics\/processing-and-application\/\" class=\"topic-hover-button-color\">\n\n\t\t\t\t\t\t\t\t\t\t\t\t\t\t<div data-field=\"featured_image\">\n\t\t\t\t\t\t\t\t<div class='inner'>\n\t\t\t\t\t\t\t\t\t<div class=\"bg_image_set\" data-size-on-screen=\"half\" style=\"\" ><div style=\"background-image: url(https:\/\/dgmk.de\/app\/uploads\/2018\/05\/dgmk-verarbeitung-und-anwendung-header-480x270.jpg)\" data-size=\"small\"><\/div><div style=\"background-image: url(https:\/\/dgmk.de\/app\/uploads\/2018\/05\/dgmk-verarbeitung-und-anwendung-header-720x405.jpg)\" data-size=\"medium\"><\/div><div style=\"background-image: url(https:\/\/dgmk.de\/app\/uploads\/2018\/05\/dgmk-verarbeitung-und-anwendung-header-1162x654.jpg)\" data-size=\"medium_large\"><\/div><div style=\"background-image: url(https:\/\/dgmk.de\/app\/uploads\/2018\/05\/dgmk-verarbeitung-und-anwendung-header-1620x912.jpg)\" data-size=\"large\"><\/div><div style=\"background-image: url(https:\/\/dgmk.de\/app\/uploads\/2018\/05\/dgmk-verarbeitung-und-anwendung-header-2430x1367.jpg)\" data-size=\"very_large\"><\/div><div style=\"background-image: url(https:\/\/dgmk.de\/app\/uploads\/2018\/05\/dgmk-verarbeitung-und-anwendung-header.jpg)\" data-size=\"very_very_large\"><\/div><\/div>\n\t\t\t\t\t\t\t\t<\/div>\n\t\t\t\t\t\t\t<\/div>\n\n\t\t\t\t\t\t\t\t\t\t\t\t\t\t<div data-field=\"content\">\n\t\t\t\t\t\t\t\t<h2 data-field=\"title\">Refining and Product Application<\/h2>\n\t\t\t\t\t\t\t\t<p data-field=\"teaser_text\">Downstream connects! The Processing and Application Department is a unique network of industry and science - industry-wide and cross-sector.<\/p>\n\t\t\t\t\t\t\t<\/div>\n\n\t\t\t\t\t\t\t\t\t\t\t\t\t\t<div class='wpb_content_element button_wrapper center topic-hover-button-color'>\n    <div class=\"button_element\" style=\"min-width: 200px;\">\n\n    \t        \t<span class=\"button\">\n        \n            Learn more\n\n                \t<\/span>\n        \n    <\/div>\n<\/div>\n\t\t\t\t\t\t\n\t\t\t\t\t\t\t\t\t\t\t\t\t\t<div class=\"hexagon big topic-hexagon-color\"><\/div>\n\t\t\t\t\t\t<\/a>\n\t\t\t\t\t\t\n\t\t\t\t\t<\/div>\n\t\t\t\t<\/div>\n\n\t\t\t\t\t\t\t\t\n\t\t\t\t<div class=\"col-lg-4 col-sm-6\">\n\t\t\t\t\t<div data-section=\"topic_teaser\" data-topic=\"TOPIC_PETROCHEMIE\" data-same-height-group=\"topic_teaser_grid\" data-same-height-group-min-xxs=\"true\">\n\t\t\t\t\t\t\n\t\t\t\t\t\t<a href=\"https:\/\/dgmk.de\/en\/topics\/petrochemistry\/\" class=\"topic-hover-button-color\">\n\n\t\t\t\t\t\t\t\t\t\t\t\t\t\t<div data-field=\"featured_image\">\n\t\t\t\t\t\t\t\t<div class='inner'>\n\t\t\t\t\t\t\t\t\t<div class=\"bg_image_set\" data-size-on-screen=\"half\" style=\"\" ><div style=\"background-image: url(https:\/\/dgmk.de\/app\/uploads\/2021\/12\/shutterstock_1646371513-480x320.jpg)\" data-size=\"small\"><\/div><div style=\"background-image: url(https:\/\/dgmk.de\/app\/uploads\/2021\/12\/shutterstock_1646371513-720x480.jpg)\" data-size=\"medium\"><\/div><div style=\"background-image: url(https:\/\/dgmk.de\/app\/uploads\/2021\/12\/shutterstock_1646371513-1162x775.jpg)\" data-size=\"medium_large\"><\/div><div style=\"background-image: url(https:\/\/dgmk.de\/app\/uploads\/2021\/12\/shutterstock_1646371513-1620x1080.jpg)\" data-size=\"large\"><\/div><div style=\"background-image: url(https:\/\/dgmk.de\/app\/uploads\/2021\/12\/shutterstock_1646371513-2430x1620.jpg)\" data-size=\"very_large\"><\/div><div style=\"background-image: url(https:\/\/dgmk.de\/app\/uploads\/2021\/12\/shutterstock_1646371513-5000x3333.jpg)\" data-size=\"very_very_large\"><\/div><\/div>\n\t\t\t\t\t\t\t\t<\/div>\n\t\t\t\t\t\t\t<\/div>\n\n\t\t\t\t\t\t\t\t\t\t\t\t\t\t<div data-field=\"content\">\n\t\t\t\t\t\t\t\t<h2 data-field=\"title\">Petrochemistry<\/h2>\n\t\t\t\t\t\t\t\t<p data-field=\"teaser_text\">Currently, we are tackling the very big task of reducing petroleum and other fossil carbon carriers in petrochemicals and replacing them completely in the long term. There are many ways or building blocks to achieve this goal, such as the use of renewable raw materials and the development of recyclable plastics.<\/p>\n\t\t\t\t\t\t\t<\/div>\n\n\t\t\t\t\t\t\t\t\t\t\t\t\t\t<div class='wpb_content_element button_wrapper center topic-hover-button-color'>\n    <div class=\"button_element\" style=\"min-width: 200px;\">\n\n    \t        \t<span class=\"button\">\n        \n            Learn more\n\n                \t<\/span>\n        \n    <\/div>\n<\/div>\n\t\t\t\t\t\t\n\t\t\t\t\t\t\t\t\t\t\t\t\t\t<div class=\"hexagon big topic-hexagon-color\"><\/div>\n\t\t\t\t\t\t<\/a>\n\t\t\t\t\t\t\n\t\t\t\t\t<\/div>\n\t\t\t\t<\/div>\n\n\t\t\t\t\t\t\t\t\n\t\t\t\t<div class=\"col-lg-4 col-sm-6\">\n\t\t\t\t\t<div data-section=\"topic_teaser\" data-topic=\"TOPIC_KOHLEN_UND_BIOMASSEVEREDELUNG\" data-same-height-group=\"topic_teaser_grid\" data-same-height-group-min-xxs=\"true\">\n\t\t\t\t\t\t\n\t\t\t\t\t\t<a href=\"https:\/\/dgmk.de\/en\/topics\/conversion-of-carbon-carriers\/\" class=\"topic-hover-button-color\">\n\n\t\t\t\t\t\t\t\t\t\t\t\t\t\t<div data-field=\"featured_image\">\n\t\t\t\t\t\t\t\t<div class='inner'>\n\t\t\t\t\t\t\t\t\t<div class=\"bg_image_set\" data-size-on-screen=\"half\" style=\"\" ><div style=\"background-image: url(https:\/\/dgmk.de\/app\/uploads\/2021\/11\/shutterstock_133301096-480x320.jpg)\" data-size=\"small\"><\/div><div style=\"background-image: url(https:\/\/dgmk.de\/app\/uploads\/2021\/11\/shutterstock_133301096-720x480.jpg)\" data-size=\"medium\"><\/div><div style=\"background-image: url(https:\/\/dgmk.de\/app\/uploads\/2021\/11\/shutterstock_133301096-1162x775.jpg)\" data-size=\"medium_large\"><\/div><div style=\"background-image: url(https:\/\/dgmk.de\/app\/uploads\/2021\/11\/shutterstock_133301096-1620x1080.jpg)\" data-size=\"large\"><\/div><div style=\"background-image: url(https:\/\/dgmk.de\/app\/uploads\/2021\/11\/shutterstock_133301096-2430x1620.jpg)\" data-size=\"very_large\"><\/div><div style=\"background-image: url(https:\/\/dgmk.de\/app\/uploads\/2021\/11\/shutterstock_133301096.jpg)\" data-size=\"very_very_large\"><\/div><\/div>\n\t\t\t\t\t\t\t\t<\/div>\n\t\t\t\t\t\t\t<\/div>\n\n\t\t\t\t\t\t\t\t\t\t\t\t\t\t<div data-field=\"content\">\n\t\t\t\t\t\t\t\t<h2 data-field=\"title\">Conversion of Carbon Carriers<\/h2>\n\t\t\t\t\t\t\t\t<p data-field=\"teaser_text\">Carbon is chemically a very special atom, it has the ability to form complex molecules and has the greatest variety of chemical compounds of all chemical elements. This property makes carbon and its compounds the basis of life on earth and a major component of our everyday life.<\/p>\n\t\t\t\t\t\t\t<\/div>\n\n\t\t\t\t\t\t\t\t\t\t\t\t\t\t<div class='wpb_content_element button_wrapper center topic-hover-button-color'>\n    <div class=\"button_element\" style=\"min-width: 200px;\">\n\n    \t        \t<span class=\"button\">\n        \n            Learn more\n\n                \t<\/span>\n        \n    <\/div>\n<\/div>\n\t\t\t\t\t\t\n\t\t\t\t\t\t\t\t\t\t\t\t\t\t<div class=\"hexagon big topic-hexagon-color\"><\/div>\n\t\t\t\t\t\t<\/a>\n\t\t\t\t\t\t\n\t\t\t\t\t<\/div>\n\t\t\t\t<\/div>\n\n\t\t\t\t\t\t\t\t\n\t\t\t\t<div class=\"col-lg-4 col-sm-6\">\n\t\t\t\t\t<div data-section=\"topic_teaser\" data-topic=\"TOPIC_NORMUNG\" data-same-height-group=\"topic_teaser_grid\" data-same-height-group-min-xxs=\"true\">\n\t\t\t\t\t\t\n\t\t\t\t\t\t<a href=\"https:\/\/dgmk.de\/en\/topics\/standardization-fam\/\" class=\"topic-hover-button-color\">\n\n\t\t\t\t\t\t\t\t\t\t\t\t\t\t<div data-field=\"featured_image\">\n\t\t\t\t\t\t\t\t<div class='inner'>\n\t\t\t\t\t\t\t\t\t<div class=\"bg_image_set\" data-size-on-screen=\"half\" style=\"\" ><div style=\"background-image: url(https:\/\/dgmk.de\/app\/uploads\/2022\/04\/shutterstock_1304284789-480x296.jpg)\" data-size=\"small\"><\/div><div style=\"background-image: url(https:\/\/dgmk.de\/app\/uploads\/2022\/04\/shutterstock_1304284789-720x444.jpg)\" data-size=\"medium\"><\/div><div style=\"background-image: url(https:\/\/dgmk.de\/app\/uploads\/2022\/04\/shutterstock_1304284789-1162x717.jpg)\" data-size=\"medium_large\"><\/div><div style=\"background-image: url(https:\/\/dgmk.de\/app\/uploads\/2022\/04\/shutterstock_1304284789-1620x999.jpg)\" data-size=\"large\"><\/div><div style=\"background-image: url(https:\/\/dgmk.de\/app\/uploads\/2022\/04\/shutterstock_1304284789-2430x1499.jpg)\" data-size=\"very_large\"><\/div><div style=\"background-image: url(https:\/\/dgmk.de\/app\/uploads\/2022\/04\/shutterstock_1304284789-5000x3084.jpg)\" data-size=\"very_very_large\"><\/div><\/div>\n\t\t\t\t\t\t\t\t<\/div>\n\t\t\t\t\t\t\t<\/div>\n\n\t\t\t\t\t\t\t\t\t\t\t\t\t\t<div data-field=\"content\">\n\t\t\t\t\t\t\t\t<h2 data-field=\"title\">Standardisation<\/h2>\n\t\t\t\t\t\t\t\t<p data-field=\"teaser_text\">Defining the properties and applications of products and processes requires the committed cooperation of experts from science, technology, industry and the authorities. <\/p>\n\t\t\t\t\t\t\t<\/div>\n\n\t\t\t\t\t\t\t\t\t\t\t\t\t\t<div class='wpb_content_element button_wrapper center topic-hover-button-color'>\n    <div class=\"button_element\" style=\"min-width: 200px;\">\n\n    \t        \t<span class=\"button\">\n        \n            Learn more\n\n                \t<\/span>\n        \n    <\/div>\n<\/div>\n\t\t\t\t\t\t\n\t\t\t\t\t\t\t\t\t\t\t\t\t\t<div class=\"hexagon big topic-hexagon-color\"><\/div>\n\t\t\t\t\t\t<\/a>\n\t\t\t\t\t\t\n\t\t\t\t\t<\/div>\n\t\t\t\t<\/div>\n\n\t\t\t\t\t\t\t\t\t\t\t\t\t\t\t\t\t\t\n\t\t\t\t<div class=\"col-lg-4 col-sm-6\">\n\t\t\t\t\t<div data-section=\"topic_teaser\" data-topic=\"TOPIC_WOMENS_NETWORK\" data-same-height-group=\"topic_teaser_grid\" data-same-height-group-min-xxs=\"true\">\n\t\t\t\t\t\t\n\t\t\t\t\t\t<a href=\"https:\/\/dgmk.de\/en\/topics\/she-drives-energy-network-of-women-in-energy-technology\/\" class=\"topic-hover-button-color\">\n\n\t\t\t\t\t\t\t\t\t\t\t\t\t\t<div data-field=\"featured_image\">\n\t\t\t\t\t\t\t\t<div class='inner'>\n\t\t\t\t\t\t\t\t\t<div class=\"bg_image_set\" data-size-on-screen=\"half\" style=\"\" ><div style=\"background-image: url(https:\/\/dgmk.de\/app\/uploads\/2021\/03\/shutterstock_1798672531-480x250.jpg)\" data-size=\"small\"><\/div><div style=\"background-image: url(https:\/\/dgmk.de\/app\/uploads\/2021\/03\/shutterstock_1798672531-720x375.jpg)\" data-size=\"medium\"><\/div><div style=\"background-image: url(https:\/\/dgmk.de\/app\/uploads\/2021\/03\/shutterstock_1798672531-1162x605.jpg)\" data-size=\"medium_large\"><\/div><div style=\"background-image: url(https:\/\/dgmk.de\/app\/uploads\/2021\/03\/shutterstock_1798672531-1620x843.jpg)\" data-size=\"large\"><\/div><div style=\"background-image: url(https:\/\/dgmk.de\/app\/uploads\/2021\/03\/shutterstock_1798672531-2430x1265.jpg)\" data-size=\"very_large\"><\/div><div style=\"background-image: url(https:\/\/dgmk.de\/app\/uploads\/2021\/03\/shutterstock_1798672531-5000x2602.jpg)\" data-size=\"very_very_large\"><\/div><\/div>\n\t\t\t\t\t\t\t\t<\/div>\n\t\t\t\t\t\t\t<\/div>\n\n\t\t\t\t\t\t\t\t\t\t\t\t\t\t<div data-field=\"content\">\n\t\t\t\t\t\t\t\t<h2 data-field=\"title\">She Drives Energy - Network of Women in Energy Technology<\/h2>\n\t\t\t\t\t\t\t\t<p data-field=\"teaser_text\">To increase the visibility of women in the industry by creating space for inspiration, exchange of ideas and transfer of knowledge in technical fields in order to ensure a sustainable and successful industry.<\/p>\n\t\t\t\t\t\t\t<\/div>\n\n\t\t\t\t\t\t\t\t\t\t\t\t\t\t<div class='wpb_content_element button_wrapper center topic-hover-button-color'>\n    <div class=\"button_element\" style=\"min-width: 200px;\">\n\n    \t        \t<span class=\"button\">\n        \n            Learn more\n\n                \t<\/span>\n        \n    <\/div>\n<\/div>\n\t\t\t\t\t\t\n\t\t\t\t\t\t\t\t\t\t\t\t\t\t<div class=\"hexagon big topic-hexagon-color\"><\/div>\n\t\t\t\t\t\t<\/a>\n\t\t\t\t\t\t\n\t\t\t\t\t<\/div>\n\t\t\t\t<\/div>\n\n\t\t\t\t\t\t\t\t\t\t\t\t\t\t\t\n\t\t\t\t<div class=\"col-lg-4 col-sm-6\">\n\t\t\t<div data-section=\"topic_teaser_list\" data-same-height-group=\"topic_teaser_grid\" data-same-height-group-min-xxs=\"true\">\n\t\t\t\t\n\t\t\t\t\t\t\t\t\t\t\t\t\t\t\t\t\t\t\t\t\t\t\t\t\t\t\t\t\t\t\t\t\t\t\t\t\t\t\t\t\t\t\t\t\t\t\t\t\t\t\t\t\t\t\t\t\t\t\t\t\n\t\t\t\t\t\t\t\t\t\t\t\t<a href=\"https:\/\/dgmk.de\/en\/topics\/district-groups\/\" class=\"topic_headline_hover\">\n\t\t\t\t\t\t\t<h2 data-field=\"title\">Regional Groups<\/h2>\n\t\t\t\t\t\t<\/a>\n\t\t\t\t\t\n\t\t\t\t\t\t\t\t\t\t\t\t\t\t\t\t\t\t\t\t\n\t\t\t\t\t\t\t\t\t\t\t\t<a href=\"https:\/\/dgmk.de\/en\/topics\/world-oil-council\/\" class=\"topic_headline_hover\">\n\t\t\t\t\t\t\t<h2 data-field=\"title\">WPC Energy<\/h2>\n\t\t\t\t\t\t<\/a>\n\t\t\t\t\t\n\t\t\t\t\t\t\t\t\t\t\t\t\t\t\t\t\t\t\t\t\t\t\t\t\t\t\t\t\t\n\t\t\t\t\t\t\t\t\t\t\t\t<a href=\"https:\/\/dgmk.de\/en\/topics\/scc\/\" class=\"topic_headline_hover\">\n\t\t\t\t\t\t\t<h2 data-field=\"title\">SCC<\/h2>\n\t\t\t\t\t\t<\/a>\n\t\t\t\t\t\n\t\t\t\t\t\t\t\t\t\t\t\t\t\t\t\t\t\t\n\t\t\t<\/div>\n\t\t<\/div>\n\n\t<\/div>\n<\/div><div class='wpb_content_element empty_space'>\n\t<div class='d-none d-md-block spacer_big' style=''><\/div>\n\t<div class='d-block d-md-none spacer_big' style=''><\/div>\n<\/div><\/div><\/div><\/div><\/div><div class=\"vc_row-full-width vc_clearfix\"><\/div><\/div>\n<\/div>","protected":false},"excerpt":{"rendered":"Geo-Energy Systems and Underground Technologies We promote the research and development of advanced technologies for the sustainable use of the deep underground. These include exploration &amp; production of hydrocarbons and REE &amp; lithium, for storage of natural gas and hydrogen, and for geothermal energy. Our partners include E&amp;P companies, storage operators, service companies, universities and research institutions. Learn more Processing and ... <a href=\"https:\/\/dgmk.de\/en\/topics\/\">Continued<\/a>","protected":false},"author":1,"featured_media":0,"parent":0,"menu_order":2,"comment_status":"closed","ping_status":"closed","template":"","meta":{"_acf_changed":false,"footnotes":""},"class_list":["post-258","page","type-page","status-publish","hentry"],"acf":[],"yoast_head":"<!-- This site is optimized with the Yoast SEO plugin v26.2 - https:\/\/yoast.com\/wordpress\/plugins\/seo\/ -->\n<title>Themen - DGMK e.V.<\/title>\n<meta name=\"robots\" content=\"index, follow, max-snippet:-1, max-image-preview:large, max-video-preview:-1\" \/>\n<link rel=\"canonical\" href=\"https:\/\/dgmk.de\/en\/topics\/\" \/>\n<meta property=\"og:locale\" content=\"en_US\" \/>\n<meta property=\"og:type\" content=\"article\" \/>\n<meta property=\"og:title\" content=\"Themen - DGMK e.V.\" \/>\n<meta property=\"og:url\" content=\"https:\/\/dgmk.de\/en\/topics\/\" \/>\n<meta property=\"og:site_name\" content=\"DGMK e.V.\" \/>\n<meta property=\"article:modified_time\" content=\"2018-07-10T14:54:43+00:00\" \/>\n<meta name=\"twitter:card\" content=\"summary_large_image\" \/>\n<script type=\"application\/ld+json\" class=\"yoast-schema-graph\">{\"@context\":\"https:\/\/schema.org\",\"@graph\":[{\"@type\":\"WebPage\",\"@id\":\"https:\/\/dgmk.de\/themen\/\",\"url\":\"https:\/\/dgmk.de\/themen\/\",\"name\":\"Themen - DGMK e.V.\",\"isPartOf\":{\"@id\":\"https:\/\/dgmk.de\/#website\"},\"datePublished\":\"2018-05-25T06:50:45+00:00\",\"dateModified\":\"2018-07-10T14:54:43+00:00\",\"breadcrumb\":{\"@id\":\"https:\/\/dgmk.de\/themen\/#breadcrumb\"},\"inLanguage\":\"en-US\",\"potentialAction\":[{\"@type\":\"ReadAction\",\"target\":[\"https:\/\/dgmk.de\/themen\/\"]}]},{\"@type\":\"BreadcrumbList\",\"@id\":\"https:\/\/dgmk.de\/themen\/#breadcrumb\",\"itemListElement\":[{\"@type\":\"ListItem\",\"position\":1,\"name\":\"Home\",\"item\":\"https:\/\/dgmk.de\/\"},{\"@type\":\"ListItem\",\"position\":2,\"name\":\"Themen\"}]},{\"@type\":\"WebSite\",\"@id\":\"https:\/\/dgmk.de\/#website\",\"url\":\"https:\/\/dgmk.de\/\",\"name\":\"DGMK e.V.\",\"description\":\"Deutsche Wissenschaftliche Gesellschaft f\u00fcr nachhaltige Energietr\u00e4ger, Mobilit\u00e4t und Kohlenstoffkreisl\u00e4ufe e.V.\",\"potentialAction\":[{\"@type\":\"SearchAction\",\"target\":{\"@type\":\"EntryPoint\",\"urlTemplate\":\"https:\/\/dgmk.de\/?s={search_term_string}\"},\"query-input\":{\"@type\":\"PropertyValueSpecification\",\"valueRequired\":true,\"valueName\":\"search_term_string\"}}],\"inLanguage\":\"en-US\"}]}<\/script>\n<!-- \/ Yoast SEO plugin. -->","yoast_head_json":{"title":"Topics - DGMK e.V.","robots":{"index":"index","follow":"follow","max-snippet":"max-snippet:-1","max-image-preview":"max-image-preview:large","max-video-preview":"max-video-preview:-1"},"canonical":"https:\/\/dgmk.de\/en\/topics\/","og_locale":"en_US","og_type":"article","og_title":"Themen - DGMK e.V.","og_url":"https:\/\/dgmk.de\/en\/topics\/","og_site_name":"DGMK e.V.","article_modified_time":"2018-07-10T14:54:43+00:00","twitter_card":"summary_large_image","schema":{"@context":"https:\/\/schema.org","@graph":[{"@type":"WebPage","@id":"https:\/\/dgmk.de\/themen\/","url":"https:\/\/dgmk.de\/themen\/","name":"Topics - DGMK e.V.","isPartOf":{"@id":"https:\/\/dgmk.de\/#website"},"datePublished":"2018-05-25T06:50:45+00:00","dateModified":"2018-07-10T14:54:43+00:00","breadcrumb":{"@id":"https:\/\/dgmk.de\/themen\/#breadcrumb"},"inLanguage":"en-US","potentialAction":[{"@type":"ReadAction","target":["https:\/\/dgmk.de\/themen\/"]}]},{"@type":"BreadcrumbList","@id":"https:\/\/dgmk.de\/themen\/#breadcrumb","itemListElement":[{"@type":"ListItem","position":1,"name":"Home","item":"https:\/\/dgmk.de\/"},{"@type":"ListItem","position":2,"name":"Themen"}]},{"@type":"WebSite","@id":"https:\/\/dgmk.de\/#website","url":"https:\/\/dgmk.de\/","name":"DGMK e.V.","description":"DGMK German Society for Sustainable Energy Carriers, Mobility and Carbon Cycles e.V.","potentialAction":[{"@type":"SearchAction","target":{"@type":"EntryPoint","urlTemplate":"https:\/\/dgmk.de\/?s={search_term_string}"},"query-input":{"@type":"PropertyValueSpecification","valueRequired":true,"valueName":"search_term_string"}}],"inLanguage":"en-US"}]}},"_links":{"self":[{"href":"https:\/\/dgmk.de\/en\/wp-json\/wp\/v2\/pages\/258","targetHints":{"allow":["GET"]}}],"collection":[{"href":"https:\/\/dgmk.de\/en\/wp-json\/wp\/v2\/pages"}],"about":[{"href":"https:\/\/dgmk.de\/en\/wp-json\/wp\/v2\/types\/page"}],"author":[{"embeddable":true,"href":"https:\/\/dgmk.de\/en\/wp-json\/wp\/v2\/users\/1"}],"replies":[{"embeddable":true,"href":"https:\/\/dgmk.de\/en\/wp-json\/wp\/v2\/comments?post=258"}],"version-history":[{"count":0,"href":"https:\/\/dgmk.de\/en\/wp-json\/wp\/v2\/pages\/258\/revisions"}],"wp:attachment":[{"href":"https:\/\/dgmk.de\/en\/wp-json\/wp\/v2\/media?parent=258"}],"curies":[{"name":"wp","href":"https:\/\/api.w.org\/{rel}","templated":true}]}}