{"id":215,"date":"2018-05-24T14:54:48","date_gmt":"2018-05-24T12:54:48","guid":{"rendered":"http:\/\/dgmk.test\/?page_id=215"},"modified":"2025-12-18T15:02:48","modified_gmt":"2025-12-18T14:02:48","slug":"become-a-member","status":"publish","type":"page","link":"https:\/\/dgmk.de\/en\/about-dgmk\/become-a-member\/","title":{"rendered":"Join Now"},"content":{"rendered":"<div class=\"wpb-content-wrapper\"><div class='nd-container-big'><div data-vc-full-width=\"true\" data-vc-full-width-temp=\"true\" data-vc-full-width-init=\"false\" class=\"vc_row wpb_row vc_row-fluid\"><div class=\"wpb_column vc_column_container vc_col-sm-12\"><div class=\"vc_column-inner\"><div class=\"wpb_wrapper\"><div class=\"wpb_content_element header_banner\">\n\n\t<div data-section=\"content\" data-topic=\"\">\n\t\t\t        <div class='d-none d-md-block' style='min-height: 250px;'><\/div>\n\t        <div class='d-md-none' style='min-height: 250px;'><\/div>\n\t    \n\t    <div data-field=\"background_image\">\n\t        <div class=\"bg_image_set\" data-size-on-screen=\"full\" style=\"\" ><div style=\"background-image: url(https:\/\/dgmk.de\/app\/uploads\/2018\/10\/shutterstock_1045818856-480x320.jpg)\" data-size=\"small\"><\/div><div style=\"background-image: url(https:\/\/dgmk.de\/app\/uploads\/2018\/10\/shutterstock_1045818856-720x480.jpg)\" data-size=\"medium\"><\/div><div style=\"background-image: url(https:\/\/dgmk.de\/app\/uploads\/2018\/10\/shutterstock_1045818856-1162x775.jpg)\" data-size=\"medium_large\"><\/div><div style=\"background-image: url(https:\/\/dgmk.de\/app\/uploads\/2018\/10\/shutterstock_1045818856-1620x1080.jpg)\" data-size=\"large\"><\/div><div style=\"background-image: url(https:\/\/dgmk.de\/app\/uploads\/2018\/10\/shutterstock_1045818856-2430x1620.jpg)\" data-size=\"very_large\"><\/div><div style=\"background-image: url(https:\/\/dgmk.de\/app\/uploads\/2018\/10\/shutterstock_1045818856-5000x3333.jpg)\" data-size=\"very_very_large\"><\/div><\/div>\n\t    <\/div>\n\n\t    \t<\/div>\n\n\t        <div data-field=\"origin\" data-add-overflow-visible-class-to-parent-row=\"true\">Ink Drop\/shutterstock.com<\/div>\n    <\/div><\/div><\/div><\/div><\/div><div class=\"vc_row-full-width vc_clearfix\"><\/div><\/div><div class='nd-container-big'><div data-vc-full-width=\"true\" data-vc-full-width-temp=\"true\" data-vc-full-width-init=\"false\" class=\"vc_row wpb_row vc_row-fluid\"><div class=\"wpb_column vc_column_container vc_col-sm-12\"><div class=\"vc_column-inner\"><div class=\"wpb_wrapper\">\n\t<div class=\"wpb_text_column wpb_content_element\" >\n\t\t<div class=\"wpb_wrapper\">\n\t\t\t<h1 class=\"fnt_color_green\">Your Advantages as a <span class=\"fnt_color_green\">DGMK Member<\/span><\/h1>\n<p>Become a member of the DGMK and use the opportunity to network with colleagues from the energy industry. Keep up to date with our various events and receive discounts on admission fees from us and selected partners (e.g. SPE).<\/p>\n<p>As a member you will receive monthly THE industry magazine for the energy sector in Germany and Austria EEK TECHNOLOGIE &amp; TRANSFORMATION FROM FOSSIL AND GREEN ENERGY DRIVERS. As a subscriber, you receive online access to the journal with access to all content from the year 2000 onwards.<\/p>\n\n\t\t<\/div>\n\t<\/div>\n<\/div><\/div><\/div><\/div><div class=\"vc_row-full-width vc_clearfix\"><\/div><\/div><div class='nd-container-big'><div data-vc-full-width=\"true\" data-vc-full-width-temp=\"true\" data-vc-full-width-init=\"false\" class=\"vc_row wpb_row vc_row-fluid bg_grey\"><div class=\"wpb_column vc_column_container vc_col-sm-12\"><div class=\"vc_column-inner\"><div class=\"wpb_wrapper\"><div class='wpb_content_element empty_space'>\n\t<div class='d-none d-md-block spacer_medium' style=''><\/div>\n\t<div class='d-block d-md-none spacer_medium_small' style=''><\/div>\n<\/div><div class=\"vc_row wpb_row vc_inner vc_row-fluid\"><div class=\"wpb_column vc_column_container vc_col-sm-6\"><div class=\"vc_column-inner\"><div class=\"wpb_wrapper\">\n\t<div class=\"wpb_text_column wpb_content_element\" >\n\t\t<div class=\"wpb_wrapper\">\n\t\t\t<h3>Become a DGMK member:<\/h3>\n<ul>\n<li>Be part of the lively DGMK network<\/li>\n<li>Monthly industry news (EEK)<\/li>\n<li>Information and invitations to events such as conferences, workshops, web seminars, regional events, etc.<\/li>\n<li>Direct exchange with experts at our events<\/li>\n<li>reduced conference fees and a discount on research and conference reports of 50%<\/li>\n<\/ul>\n\n\t\t<\/div>\n\t<\/div>\n<\/div><\/div><\/div><div class=\"wpb_column vc_column_container vc_col-sm-6\"><div class=\"vc_column-inner\"><div class=\"wpb_wrapper\">\n\t<div class=\"wpb_text_column wpb_content_element\" >\n\t\t<div class=\"wpb_wrapper\">\n\t\t\t<h3>Special Offers for Students:<\/h3>\n<ul>\n<li>Reduced membership fee<\/li>\n<li>Free access to departmental conferences (if registered in time)<\/li>\n<li>Possibility of contacting university researchers and potential employers<\/li>\n<li>Information on current topics and trends in research<\/li>\n<\/ul>\n\n\t\t<\/div>\n\t<\/div>\n<\/div><\/div><\/div><\/div><div class='wpb_content_element empty_space'>\n\t<div class='d-none d-md-block spacer_medium' style=''><\/div>\n\t<div class='d-block d-md-none spacer_medium_small' style=''><\/div>\n<\/div><\/div><\/div><\/div><\/div><div class=\"vc_row-full-width vc_clearfix\"><\/div><\/div><div class='nd-container-big'><div data-vc-full-width=\"true\" data-vc-full-width-temp=\"true\" data-vc-full-width-init=\"false\" class=\"vc_row wpb_row vc_row-fluid\"><div class=\"wpb_column vc_column_container vc_col-sm-12\"><div class=\"vc_column-inner\"><div class=\"wpb_wrapper\"><div class='wpb_content_element empty_space'>\n\t<div class='d-none d-md-block spacer_medium' style=''><\/div>\n\t<div class='d-block d-md-none spacer_medium_small' style=''><\/div>\n<\/div>\n\t<div class=\"wpb_text_column wpb_content_element\" >\n\t\t<div class=\"wpb_wrapper\">\n\t\t\t<h3>To the admission form:<\/h3>\n\n\t\t<\/div>\n\t<\/div>\n<div class=\"vc_row wpb_row vc_inner vc_row-fluid\"><div class=\"wpb_column vc_column_container vc_col-sm-12\"><div class=\"vc_column-inner\"><div class=\"wpb_wrapper\"><div class='wpb_content_element button_wrapper left topic-hover-button-color'>\n    <div class=\"button_element\" style=\"min-width: 350px;\">\n\n    \t        \t<a class=\"button\" href=\"https:\/\/inside.dgmk.de\/app_mitgliedwerden\" target=\"_blank\">\n        \n            Join Now\n\n                \t<\/a>\n        \n    <\/div>\n<\/div><div class='wpb_content_element empty_space'>\n\t<div class='d-none d-md-block spacer_medium_small' style=''><\/div>\n\t<div class='d-block d-md-none spacer_medium_small' style=''><\/div>\n<\/div><\/div><\/div><\/div><\/div><\/div><\/div><\/div><\/div><div class=\"vc_row-full-width vc_clearfix\"><\/div><\/div><div class='nd-container-big'><div data-vc-full-width=\"true\" data-vc-full-width-temp=\"true\" data-vc-full-width-init=\"false\" class=\"vc_row wpb_row vc_row-fluid bg_grey\"><div class=\"wpb_column vc_column_container vc_col-sm-12\"><div class=\"vc_column-inner\"><div class=\"wpb_wrapper\"><div class='wpb_content_element empty_space'>\n\t<div class='d-none d-md-block spacer_medium' style=''><\/div>\n\t<div class='d-block d-md-none spacer_medium' style=''><\/div>\n<\/div>\n\t<div class=\"wpb_text_column wpb_content_element\" >\n\t\t<div class=\"wpb_wrapper\">\n\t\t\t<h2>Annual Contributions of the DGMK<\/h2>\n\n\t\t<\/div>\n\t<\/div>\n<\/div><\/div><\/div><\/div><div class=\"vc_row-full-width vc_clearfix\"><\/div><\/div><div class='nd-container-big'><div data-vc-full-width=\"true\" data-vc-full-width-temp=\"true\" data-vc-full-width-init=\"false\" class=\"vc_row wpb_row vc_row-fluid bg_grey\"><div class=\"wpb_column vc_column_container vc_col-sm-6\"><div class=\"vc_column-inner\"><div class=\"wpb_wrapper\">\n\t<div class=\"wpb_text_column wpb_content_element\" >\n\t\t<div class=\"wpb_wrapper\">\n\t\t\t<h3>Personal Memberships<\/h3>\n\n\t\t<\/div>\n\t<\/div>\n<div class=\"wpb_content_element data_table\">\n\n                                <div data-section=\"data_container\"\n                class=\"default_style\"\n            >\n                <div data-field=\"headline\">\n                    Personal Member\n                <\/div>\n                \n                <div data-field=\"text\">\n                    <div class=\"\"\n                    >\n                        95,00 \u20ac\n                    <\/div>\n\n                    \n                                    <\/div>\n\n            <\/div>\n                    <div data-section=\"data_container\"\n                class=\"default_style\"\n            >\n                <div data-field=\"headline\">\n                    Double Member<sup>1<\/sup>\n                <\/div>\n                \n                <div data-field=\"text\">\n                    <div class=\"\"\n                    >\n                        75,00 \u20ac\n                    <\/div>\n\n                    \n                                    <\/div>\n\n            <\/div>\n                    <div data-section=\"data_container\"\n                class=\"default_style\"\n            >\n                <div data-field=\"headline\">\n                    Retired Member<sup>2<\/sup>\n                <\/div>\n                \n                <div data-field=\"text\">\n                    <div class=\"\"\n                    >\n                        62,00 \u20ac\n                    <\/div>\n\n                    \n                                    <\/div>\n\n            <\/div>\n                    <div data-section=\"data_container\"\n                class=\"default_style\"\n            >\n                <div data-field=\"headline\">\n                    Studying Member<sup>3<\/sup>\n                <\/div>\n                \n                <div data-field=\"text\">\n                    <div class=\"\"\n                    >\n                        20,00 \u20ac\n                    <\/div>\n\n                    \n                                    <\/div>\n\n            <\/div>\n            <\/div><\/div><\/div><\/div><div class=\"wpb_column vc_column_container vc_col-sm-6\"><div class=\"vc_column-inner\"><div class=\"wpb_wrapper\">\n\t<div class=\"wpb_text_column wpb_content_element\" >\n\t\t<div class=\"wpb_wrapper\">\n\t\t\t<h3>Corporate Memberships<\/h3>\n\n\t\t<\/div>\n\t<\/div>\n<div class=\"wpb_content_element data_table\">\n\n                                <div data-section=\"data_container\"\n                class=\"default_style\"\n            >\n                <div data-field=\"headline\">\n                    Companies\n                <\/div>\n                \n                <div data-field=\"text\">\n                    <div class=\"\"\n                    >\n                        1.500,00 \u20ac\n                    <\/div>\n\n                    \n                                    <\/div>\n\n            <\/div>\n                    <div data-section=\"data_container\"\n                class=\"default_style\"\n            >\n                <div data-field=\"headline\">\n                    SMEs<sup>4<\/sup>\n                <\/div>\n                \n                <div data-field=\"text\">\n                    <div class=\"\"\n                    >\n                        120,00 \u20ac\n                    <\/div>\n\n                    \n                                    <\/div>\n\n            <\/div>\n                    <div data-section=\"data_container\"\n                class=\"default_style\"\n            >\n                <div data-field=\"headline\">\n                    Associations\n                <\/div>\n                \n                <div data-field=\"text\">\n                    <div class=\"\"\n                    >\n                        450,00 \u20ac\n                    <\/div>\n\n                    \n                                    <\/div>\n\n            <\/div>\n                    <div data-section=\"data_container\"\n                class=\"default_style\"\n            >\n                <div data-field=\"headline\">\n                    Authorities \/ Research Institutions\n                <\/div>\n                \n                <div data-field=\"text\">\n                    <div class=\"\"\n                    >\n                        120,00 \u20ac\n                    <\/div>\n\n                    \n                                    <\/div>\n\n            <\/div>\n            <\/div><\/div><\/div><\/div><\/div><div class=\"vc_row-full-width vc_clearfix\"><\/div><\/div><div class='nd-container-big'><div data-vc-full-width=\"true\" data-vc-full-width-temp=\"true\" data-vc-full-width-init=\"false\" class=\"vc_row wpb_row vc_row-fluid bg_grey\"><div class=\"wpb_column vc_column_container vc_col-sm-12\"><div class=\"vc_column-inner\"><div class=\"wpb_wrapper\">\n\t<div class=\"wpb_text_column wpb_content_element\" >\n\t\t<div class=\"wpb_wrapper\">\n\t\t\t<p><sup>1<\/sup>See also <a href=\"https:\/\/dgmk.de\/en\/about-dgmk\/organization\/#richtlinien\">Point 2.5 of the contribution rules<\/a><\/p>\n<p><sup>2<\/sup>Retired members become members upon reaching the age of 65 or, in the case of early retirement, upon application. The contribution is reassessed in the calendar year following retirement. Please send us the necessary proof.<\/p>\n<p><sup>3<\/sup>Student members are members during their studies or training until their final exams, but at most until they reach the age of 30. The membership fee is reassessed in the calendar year following the final examination. Please send us the necessary proof.&nbsp;<\/p>\n<p><sup>4<\/sup>According to the European Union's definition, the category of small and medium-sized enterprises (SMEs) includes companies with fewer than 250 employees that either have an annual turnover of no more than EUR 50 million or an annual balance sheet total of no more than EUR 43 million (in accordance with Art. 2 (1) of Annex 1 to Regulation (EU) 651\/2014, see user guide to the definition of SMEs).<\/p>\n\n\t\t<\/div>\n\t<\/div>\n<\/div><\/div><\/div><\/div><div class=\"vc_row-full-width vc_clearfix\"><\/div><\/div>\n<\/div>","protected":false},"excerpt":{"rendered":"Ink Drop\/shutterstock.com Your benefits as a DGMK member Become a member of the DGMK and take advantage of the opportunity to network with professional colleagues from the energy sector. Be kept up to date on our wide range of events and receive discounts on admission fees with us and with selected partners (e.g. SPE). As a member you will receive monthly ... <a href=\"https:\/\/dgmk.de\/en\/about-dgmk\/become-a-member\/\">Continued<\/a>","protected":false},"author":1,"featured_media":0,"parent":188,"menu_order":3,"comment_status":"closed","ping_status":"closed","template":"","meta":{"_acf_changed":false,"footnotes":""},"class_list":["post-215","page","type-page","status-publish","hentry"],"acf":[],"yoast_head":"<!-- This site is optimized with the Yoast SEO plugin v26.2 - https:\/\/yoast.com\/wordpress\/plugins\/seo\/ -->\n<title>Mitglied werden - DGMK e.V.<\/title>\n<meta name=\"robots\" content=\"index, follow, max-snippet:-1, max-image-preview:large, max-video-preview:-1\" \/>\n<link rel=\"canonical\" href=\"https:\/\/dgmk.de\/en\/about-dgmk\/become-a-member\/\" \/>\n<meta property=\"og:locale\" content=\"en_US\" \/>\n<meta property=\"og:type\" content=\"article\" \/>\n<meta property=\"og:title\" content=\"Mitglied werden - DGMK e.V.\" \/>\n<meta property=\"og:url\" content=\"https:\/\/dgmk.de\/en\/about-dgmk\/become-a-member\/\" \/>\n<meta property=\"og:site_name\" content=\"DGMK e.V.\" \/>\n<meta property=\"article:modified_time\" content=\"2025-12-18T14:02:48+00:00\" \/>\n<meta name=\"twitter:card\" content=\"summary_large_image\" \/>\n<meta name=\"twitter:label1\" content=\"Est. reading time\" \/>\n\t<meta name=\"twitter:data1\" content=\"3 minutes\" \/>\n<script type=\"application\/ld+json\" class=\"yoast-schema-graph\">{\"@context\":\"https:\/\/schema.org\",\"@graph\":[{\"@type\":\"WebPage\",\"@id\":\"https:\/\/dgmk.de\/ueber-dgmk\/mitglied-werden\/\",\"url\":\"https:\/\/dgmk.de\/ueber-dgmk\/mitglied-werden\/\",\"name\":\"Mitglied werden - DGMK e.V.\",\"isPartOf\":{\"@id\":\"https:\/\/dgmk.de\/#website\"},\"datePublished\":\"2018-05-24T12:54:48+00:00\",\"dateModified\":\"2025-12-18T14:02:48+00:00\",\"breadcrumb\":{\"@id\":\"https:\/\/dgmk.de\/ueber-dgmk\/mitglied-werden\/#breadcrumb\"},\"inLanguage\":\"en-US\",\"potentialAction\":[{\"@type\":\"ReadAction\",\"target\":[\"https:\/\/dgmk.de\/ueber-dgmk\/mitglied-werden\/\"]}]},{\"@type\":\"BreadcrumbList\",\"@id\":\"https:\/\/dgmk.de\/ueber-dgmk\/mitglied-werden\/#breadcrumb\",\"itemListElement\":[{\"@type\":\"ListItem\",\"position\":1,\"name\":\"Home\",\"item\":\"https:\/\/dgmk.de\/\"},{\"@type\":\"ListItem\",\"position\":2,\"name\":\"\u00dcber DGMK\",\"item\":\"https:\/\/dgmk.de\/en\/ueber-dgmk\/\"},{\"@type\":\"ListItem\",\"position\":3,\"name\":\"Mitglied werden\"}]},{\"@type\":\"WebSite\",\"@id\":\"https:\/\/dgmk.de\/#website\",\"url\":\"https:\/\/dgmk.de\/\",\"name\":\"DGMK e.V.\",\"description\":\"Deutsche Wissenschaftliche Gesellschaft f\u00fcr nachhaltige Energietr\u00e4ger, Mobilit\u00e4t und Kohlenstoffkreisl\u00e4ufe e.V.\",\"potentialAction\":[{\"@type\":\"SearchAction\",\"target\":{\"@type\":\"EntryPoint\",\"urlTemplate\":\"https:\/\/dgmk.de\/?s={search_term_string}\"},\"query-input\":{\"@type\":\"PropertyValueSpecification\",\"valueRequired\":true,\"valueName\":\"search_term_string\"}}],\"inLanguage\":\"en-US\"}]}<\/script>\n<!-- \/ Yoast SEO plugin. -->","yoast_head_json":{"title":"Become a member - DGMK e.V.","robots":{"index":"index","follow":"follow","max-snippet":"max-snippet:-1","max-image-preview":"max-image-preview:large","max-video-preview":"max-video-preview:-1"},"canonical":"https:\/\/dgmk.de\/en\/about-dgmk\/become-a-member\/","og_locale":"en_US","og_type":"article","og_title":"Mitglied werden - DGMK e.V.","og_url":"https:\/\/dgmk.de\/en\/about-dgmk\/become-a-member\/","og_site_name":"DGMK e.V.","article_modified_time":"2025-12-18T14:02:48+00:00","twitter_card":"summary_large_image","twitter_misc":{"Est. reading time":"3 minutes"},"schema":{"@context":"https:\/\/schema.org","@graph":[{"@type":"WebPage","@id":"https:\/\/dgmk.de\/ueber-dgmk\/mitglied-werden\/","url":"https:\/\/dgmk.de\/ueber-dgmk\/mitglied-werden\/","name":"Become a member - DGMK e.V.","isPartOf":{"@id":"https:\/\/dgmk.de\/#website"},"datePublished":"2018-05-24T12:54:48+00:00","dateModified":"2025-12-18T14:02:48+00:00","breadcrumb":{"@id":"https:\/\/dgmk.de\/ueber-dgmk\/mitglied-werden\/#breadcrumb"},"inLanguage":"en-US","potentialAction":[{"@type":"ReadAction","target":["https:\/\/dgmk.de\/ueber-dgmk\/mitglied-werden\/"]}]},{"@type":"BreadcrumbList","@id":"https:\/\/dgmk.de\/ueber-dgmk\/mitglied-werden\/#breadcrumb","itemListElement":[{"@type":"ListItem","position":1,"name":"Home","item":"https:\/\/dgmk.de\/"},{"@type":"ListItem","position":2,"name":"\u00dcber DGMK","item":"https:\/\/dgmk.de\/en\/ueber-dgmk\/"},{"@type":"ListItem","position":3,"name":"Mitglied werden"}]},{"@type":"WebSite","@id":"https:\/\/dgmk.de\/#website","url":"https:\/\/dgmk.de\/","name":"DGMK e.V.","description":"DGMK German Society for Sustainable Energy Carriers, Mobility and Carbon Cycles e.V.","potentialAction":[{"@type":"SearchAction","target":{"@type":"EntryPoint","urlTemplate":"https:\/\/dgmk.de\/?s={search_term_string}"},"query-input":{"@type":"PropertyValueSpecification","valueRequired":true,"valueName":"search_term_string"}}],"inLanguage":"en-US"}]}},"_links":{"self":[{"href":"https:\/\/dgmk.de\/en\/wp-json\/wp\/v2\/pages\/215","targetHints":{"allow":["GET"]}}],"collection":[{"href":"https:\/\/dgmk.de\/en\/wp-json\/wp\/v2\/pages"}],"about":[{"href":"https:\/\/dgmk.de\/en\/wp-json\/wp\/v2\/types\/page"}],"author":[{"embeddable":true,"href":"https:\/\/dgmk.de\/en\/wp-json\/wp\/v2\/users\/1"}],"replies":[{"embeddable":true,"href":"https:\/\/dgmk.de\/en\/wp-json\/wp\/v2\/comments?post=215"}],"version-history":[{"count":8,"href":"https:\/\/dgmk.de\/en\/wp-json\/wp\/v2\/pages\/215\/revisions"}],"predecessor-version":[{"id":19203,"href":"https:\/\/dgmk.de\/en\/wp-json\/wp\/v2\/pages\/215\/revisions\/19203"}],"up":[{"embeddable":true,"href":"https:\/\/dgmk.de\/en\/wp-json\/wp\/v2\/pages\/188"}],"wp:attachment":[{"href":"https:\/\/dgmk.de\/en\/wp-json\/wp\/v2\/media?parent=215"}],"curies":[{"name":"wp","href":"https:\/\/api.w.org\/{rel}","templated":true}]}}