{"id":203,"date":"2018-05-24T14:51:54","date_gmt":"2018-05-24T12:51:54","guid":{"rendered":"http:\/\/dgmk.test\/?page_id=203"},"modified":"2025-01-27T14:18:59","modified_gmt":"2025-01-27T13:18:59","slug":"research-funding","status":"publish","type":"page","link":"https:\/\/dgmk.de\/en\/research\/research-funding\/","title":{"rendered":"Research Promotion"},"content":{"rendered":"<div class=\"wpb-content-wrapper\"><div class='nd-container-big'><div data-vc-full-width=\"true\" data-vc-full-width-temp=\"true\" data-vc-full-width-init=\"false\" class=\"vc_row wpb_row vc_row-fluid\"><div class=\"wpb_column vc_column_container vc_col-sm-8\"><div class=\"vc_column-inner\"><div class=\"wpb_wrapper\"><div class='wpb_content_element empty_space'>\n\t<div class='d-none d-md-block spacer_big' style=''><\/div>\n\t<div class='d-block d-md-none spacer_medium' style=''><\/div>\n<\/div>\n\t<div class=\"wpb_text_column wpb_content_element\" >\n\t\t<div class=\"wpb_wrapper\">\n\t\t\t<h1 class=\"fnt_color_green\">Research Funding in the DGMK<\/h1>\n<p>With our services, we create a bridge between science and practice. In our projects, companies from the energy sector work together with universities and research institutes. We thus maintain what is probably the most extensive R&amp;D network on the subject of energy sources in the German-speaking world.<\/p>\n<p>Our research projects are financed exclusively by industry and\/or public research funds, which we apply for separately for each project. The DGMK has no fixed research budget. Through our departments we support applicants in applying for research funds, and take over the tasks of project coordination.<\/p>\n<p>We publish the results of our research in the series of DGMK research reports, in which over 500 volumes have already been published.<\/p>\n\n\t\t<\/div>\n\t<\/div>\n<div class='dgmk_vc_single_image_wrapper'>\n\t<div data-field=\"image\" >\n\t\t\n\t<div  class=\"wpb_single_image wpb_content_element vc_align_left wpb_content_element\">\n\t\t\n\t\t<figure class=\"wpb_wrapper vc_figure\">\n\t\t\t<div class=\"vc_single_image-wrapper   vc_box_border_grey\"><img loading=\"lazy\" decoding=\"async\" width=\"2430\" height=\"1367\" src=\"https:\/\/dgmk.de\/app\/uploads\/2018\/08\/dgmk-forschungsfoerderung-2430x1367.jpg\" class=\"vc_single_image-img attachment-very_large\" alt=\"\" title=\"dgmk research funding\" srcset=\"https:\/\/dgmk.de\/app\/uploads\/2018\/08\/dgmk-forschungsfoerderung-2430x1367.jpg 2430w, https:\/\/dgmk.de\/app\/uploads\/2018\/08\/dgmk-forschungsfoerderung-720x405.jpg 720w, https:\/\/dgmk.de\/app\/uploads\/2018\/08\/dgmk-forschungsfoerderung-1162x654.jpg 1162w, https:\/\/dgmk.de\/app\/uploads\/2018\/08\/dgmk-forschungsfoerderung-1620x912.jpg 1620w, https:\/\/dgmk.de\/app\/uploads\/2018\/08\/dgmk-forschungsfoerderung-480x270.jpg 480w, https:\/\/dgmk.de\/app\/uploads\/2018\/08\/dgmk-forschungsfoerderung.jpg 3000w\" sizes=\"auto, (min-width: 768px) 100vw, 100vw\" \/><\/div>\n\t\t<\/figure>\n\t<\/div>\n\n\n\t\t\t\t\t<span data-field=\"origin\">Saklakova\/shutterstock.com<\/span>\n\t\t\t<\/div>\n\n\t<\/div><\/div><\/div><\/div><div class=\"wpb_column vc_column_container vc_col-sm-4\"><div class=\"vc_column-inner\"><div class=\"wpb_wrapper\"><div class='wpb_content_element empty_space'>\n\t<div class='d-none d-md-block spacer_big' style=''><\/div>\n\t<div class='d-block d-md-none spacer_medium' style=''><\/div>\n<\/div><div class=\"wpb_content_element anchor_navigation d-none d-md-block\">\n<\/div><div class='wpb_content_element empty_space'>\n\t<div class='d-none d-md-block spacer_medium' style=''><\/div>\n\t<div class='d-block d-md-none spacer_medium_small' style=''><\/div>\n<\/div><\/div><\/div><\/div><\/div><div class=\"vc_row-full-width vc_clearfix\"><\/div><\/div><div class='nd-container-big'><div data-vc-full-width=\"true\" data-vc-full-width-temp=\"true\" data-vc-full-width-init=\"false\" class=\"vc_row wpb_row vc_row-fluid\"><div class=\"wpb_column vc_column_container vc_col-sm-12\"><div class=\"vc_column-inner\"><div class=\"wpb_wrapper\"><div class='wpb_content_element empty_space'>\n\t<div class='d-none d-md-block spacer_small' style=''><\/div>\n\t<div class='d-block d-md-none spacer_small' style=''><\/div>\n<\/div>\n\t<div class=\"wpb_text_column wpb_content_element\" >\n\t\t<div class=\"wpb_wrapper\">\n\t\t\t<h2 class=\"data_add_anchor_from_content\">Joint Research<\/h2>\n<h3>With our joint research, we are pursuing three main objectives:<\/h3>\n\n\t\t<\/div>\n\t<\/div>\n<\/div><\/div><\/div><\/div><div class=\"vc_row-full-width vc_clearfix\"><\/div><\/div><div class='nd-container-big'><div data-vc-full-width=\"true\" data-vc-full-width-temp=\"true\" data-vc-full-width-init=\"false\" class=\"vc_row wpb_row vc_row-fluid\"><div class=\"wpb_column vc_column_container vc_col-sm-6\"><div class=\"vc_column-inner\"><div class=\"wpb_wrapper\">\n\t<div class=\"wpb_text_column wpb_content_element\" >\n\t\t<div class=\"wpb_wrapper\">\n\t\t\t<p>1. We want to contribute to the general success of the industry with the findings, developments, and innovations from our research.<\/p>\n<p>2. The exchange of information and knowledge between industrial companies and universities should provide impulses for creative solutions to technical and scientific challenges.<\/p>\n<p>3. The participants educate themselves further through the project work and transfer their knowledge to their companies and institutes<\/p>\n\n\t\t<\/div>\n\t<\/div>\n<\/div><\/div><\/div><div class=\"wpb_column vc_column_container vc_col-sm-6\"><div class=\"vc_column-inner\"><div class=\"wpb_wrapper\">\n\t<div class=\"wpb_text_column wpb_content_element\" >\n\t\t<div class=\"wpb_wrapper\">\n\t\t\t<p>The DGMK's departments are responsible for joint research. The department responsible for each field of work coordinates the technical-scientific cooperation.<br \/>\nThe topics of our joint research are defined by the focal points of the departments.<\/p>\n\n\t\t<\/div>\n\t<\/div>\n<\/div><\/div><\/div><\/div><div class=\"vc_row-full-width vc_clearfix\"><\/div><\/div><div class='nd-container-big'><div data-vc-full-width=\"true\" data-vc-full-width-temp=\"true\" data-vc-full-width-init=\"false\" class=\"vc_row wpb_row vc_row-fluid\"><div class=\"wpb_column vc_column_container vc_col-sm-12\"><div class=\"vc_column-inner\"><div class=\"wpb_wrapper\"><div class=\"dgmk_vc_separator\"><\/div><div class='wpb_content_element empty_space'>\n\t<div class='d-none d-md-block spacer_medium_small' style=''><\/div>\n\t<div class='d-block d-md-none spacer_small' style=''><\/div>\n<\/div><\/div><\/div><\/div><\/div><div class=\"vc_row-full-width vc_clearfix\"><\/div><\/div><div class='nd-container-big'><div data-vc-full-width=\"true\" data-vc-full-width-temp=\"true\" data-vc-full-width-init=\"false\" class=\"vc_row wpb_row vc_row-fluid\"><div class=\"wpb_column vc_column_container vc_col-sm-12\"><div class=\"vc_column-inner\"><div class=\"wpb_wrapper\">\n\t<div class=\"wpb_text_column wpb_content_element\" >\n\t\t<div class=\"wpb_wrapper\">\n\t\t\t<h2 class=\"data_add_anchor_from_content\">IGF Industrial Collective Research<\/h2>\n\n\t\t<\/div>\n\t<\/div>\n<\/div><\/div><\/div><\/div><div class=\"vc_row-full-width vc_clearfix\"><\/div><\/div><div class='nd-container-big'><div data-vc-full-width=\"true\" data-vc-full-width-temp=\"true\" data-vc-full-width-init=\"false\" class=\"vc_row wpb_row vc_row-fluid\"><div class=\"wpb_column vc_column_container vc_col-sm-8\"><div class=\"vc_column-inner\"><div class=\"wpb_wrapper\">\n\t<div class=\"wpb_text_column wpb_content_element\" >\n\t\t<div class=\"wpb_wrapper\">\n\t\t\t<p>Industrial Collective Research (IGF) is a unique, open-topic and pre-competitive funding program of the Federal Ministry of Economics and Climate Protection (BMWK) that provides small and medium-sized enterprises (SMEs) with easy access to practice-oriented research. The program is cross-sectoral and promotes pre-competitive research projects.<\/p>\n\n\t\t<\/div>\n\t<\/div>\n<\/div><\/div><\/div><div class=\"wpb_column vc_column_container vc_col-sm-4\"><div class=\"vc_column-inner\"><div class=\"wpb_wrapper\"><div class='dgmk_vc_single_image_wrapper'>\n\t<div data-field=\"image\" style=\"max-width: 200px;\">\n\t\t\n\t<div  class=\"wpb_single_image wpb_content_element vc_align_left wpb_content_element\">\n\t\t\n\t\t<figure class=\"wpb_wrapper vc_figure\">\n\t\t\t<div class=\"vc_single_image-wrapper   vc_box_border_grey\"><img loading=\"lazy\" decoding=\"async\" width=\"260\" height=\"122\" src=\"https:\/\/dgmk.de\/app\/uploads\/2024\/03\/IGF-RGB.jpg\" class=\"vc_single_image-img attachment-very_large\" alt=\"\" title=\"IGF RGB\" srcset=\"https:\/\/dgmk.de\/app\/uploads\/2024\/03\/IGF-RGB.jpg 260w, https:\/\/dgmk.de\/app\/uploads\/2024\/03\/IGF-RGB-18x8.jpg 18w\" sizes=\"auto, (min-width: 768px) 100vw, 100vw\" \/><\/div>\n\t\t<\/figure>\n\t<\/div>\n\n\n\t\t\t<\/div>\n\n\t<\/div><\/div><\/div><\/div><\/div><div class=\"vc_row-full-width vc_clearfix\"><\/div><\/div><div class='nd-container-big'><div data-vc-full-width=\"true\" data-vc-full-width-temp=\"true\" data-vc-full-width-init=\"false\" class=\"vc_row wpb_row vc_row-fluid\"><div class=\"wpb_column vc_column_container vc_col-sm-12\"><div class=\"vc_column-inner\"><div class=\"wpb_wrapper\">\n\t<div class=\"wpb_text_column wpb_content_element\" >\n\t\t<div class=\"wpb_wrapper\">\n\t\t\t<h2 class=\"data_add_anchor_from_content\">AiF Alliance for Industry and Research<\/h2>\n\n\t\t<\/div>\n\t<\/div>\n<\/div><\/div><\/div><\/div><div class=\"vc_row-full-width vc_clearfix\"><\/div><\/div><div class='nd-container-big'><div data-vc-full-width=\"true\" data-vc-full-width-temp=\"true\" data-vc-full-width-init=\"false\" class=\"vc_row wpb_row vc_row-fluid\"><div class=\"wpb_column vc_column_container vc_col-sm-8\"><div class=\"vc_column-inner\"><div class=\"wpb_wrapper\">\n\t<div class=\"wpb_text_column wpb_content_element\" >\n\t\t<div class=\"wpb_wrapper\">\n\t\t\t<p>The DGMK Deutsche Wissenschaftliche Gesellschaft f\u00fcr nachhaltige Energietr\u00e4ger, Mobilit\u00e4t und Kohlenstoffkreisl\u00e4ufe e.V. is a member of the AiF.<\/p>\n<p>The AIF is the research network for German SMEs. It promotes research, transfer and innovation. Industry established the AIF more than 60 years ago and continues to finance it today through its sector-specific research associations. As an umbrella organization of industrial non-profit research associations with more than 135,000 participating companies and 1,200 participating research institutions, it makes an important contribution to sustainably strengthening the competitiveness of the German economy. As a non-profit association, the AIF manages public funding programs through AiF Projekt GmbH and AiF FTK GmbH, its wholly owned subsidiaries.<\/p>\n\n\t\t<\/div>\n\t<\/div>\n<\/div><\/div><\/div><div class=\"wpb_column vc_column_container vc_col-sm-4\"><div class=\"vc_column-inner\"><div class=\"wpb_wrapper\"><div class='dgmk_vc_single_image_wrapper'>\n\t<div data-field=\"image\" style=\"max-width: 200px;\">\n\t\t\n\t<div  class=\"wpb_single_image wpb_content_element vc_align_left wpb_content_element\">\n\t\t\n\t\t<figure class=\"wpb_wrapper vc_figure\">\n\t\t\t<div class=\"vc_single_image-wrapper   vc_box_border_grey\"><img loading=\"lazy\" decoding=\"async\" width=\"2430\" height=\"725\" src=\"https:\/\/dgmk.de\/app\/uploads\/2025\/01\/AiF_Logo_Relaunch_2024_Claim-rechts_RGB-2430x725.png\" class=\"vc_single_image-img attachment-very_large\" alt=\"\" title=\"AiF Logo Relaunch 2024 Claim Right RGB\" srcset=\"https:\/\/dgmk.de\/app\/uploads\/2025\/01\/AiF_Logo_Relaunch_2024_Claim-rechts_RGB-2430x725.png 2430w, https:\/\/dgmk.de\/app\/uploads\/2025\/01\/AiF_Logo_Relaunch_2024_Claim-rechts_RGB-720x215.png 720w, https:\/\/dgmk.de\/app\/uploads\/2025\/01\/AiF_Logo_Relaunch_2024_Claim-rechts_RGB-1620x483.png 1620w, https:\/\/dgmk.de\/app\/uploads\/2025\/01\/AiF_Logo_Relaunch_2024_Claim-rechts_RGB-1162x347.png 1162w, https:\/\/dgmk.de\/app\/uploads\/2025\/01\/AiF_Logo_Relaunch_2024_Claim-rechts_RGB-1536x458.png 1536w, https:\/\/dgmk.de\/app\/uploads\/2025\/01\/AiF_Logo_Relaunch_2024_Claim-rechts_RGB-2048x611.png 2048w, https:\/\/dgmk.de\/app\/uploads\/2025\/01\/AiF_Logo_Relaunch_2024_Claim-rechts_RGB-18x5.png 18w, https:\/\/dgmk.de\/app\/uploads\/2025\/01\/AiF_Logo_Relaunch_2024_Claim-rechts_RGB-480x143.png 480w, https:\/\/dgmk.de\/app\/uploads\/2025\/01\/AiF_Logo_Relaunch_2024_Claim-rechts_RGB-5000x1492.png 5000w, https:\/\/dgmk.de\/app\/uploads\/2025\/01\/AiF_Logo_Relaunch_2024_Claim-rechts_RGB.png 7087w\" sizes=\"auto, (min-width: 768px) 100vw, 100vw\" \/><\/div>\n\t\t<\/figure>\n\t<\/div>\n\n\n\t\t\t<\/div>\n\n\t<\/div><div class='wpb_content_element empty_space'>\n\t<div class='d-none d-md-block spacer_medium_small' style=''><\/div>\n\t<div class='d-block d-md-none spacer_medium_small' style=''><\/div>\n<\/div><\/div><\/div><\/div><\/div><div class=\"vc_row-full-width vc_clearfix\"><\/div><\/div><div class='nd-container-big'><div data-vc-full-width=\"true\" data-vc-full-width-temp=\"true\" data-vc-full-width-init=\"false\" class=\"vc_row wpb_row vc_row-fluid bg_grey\"><div class=\"wpb_column vc_column_container vc_col-sm-12\"><div class=\"vc_column-inner\"><div class=\"wpb_wrapper\"><div class='wpb_content_element empty_space'>\n\t<div class='d-none d-md-block spacer_medium_small' style=''><\/div>\n\t<div class='d-block d-md-none spacer_small' style=''><\/div>\n<\/div>\n\t<div class=\"wpb_text_column wpb_content_element\" >\n\t\t<div class=\"wpb_wrapper\">\n\t\t\t<h2 class=\"data_add_anchor_from_content\">Research Funding in the Departments<\/h2>\n\n\t\t<\/div>\n\t<\/div>\n\n\t<div class=\"wpb_text_column wpb_content_element\" >\n\t\t<div class=\"wpb_wrapper\">\n\t\t\t<p>On the pages of the departments you can learn more about the individual research topics, the application procedures, and the contact persons at the DGMK office.<\/p>\n\n\t\t<\/div>\n\t<\/div>\n<\/div><\/div><\/div><\/div><div class=\"vc_row-full-width vc_clearfix\"><\/div><\/div><div class='nd-container-big'><div data-vc-full-width=\"true\" data-vc-full-width-temp=\"true\" data-vc-full-width-init=\"false\" class=\"vc_row wpb_row vc_row-fluid bg_grey\"><div class=\"wpb_column vc_column_container vc_col-sm-6\"><div class=\"vc_column-inner\"><div class=\"wpb_wrapper\"><div class='wpb_content_element button_wrapper left topic-hover-button-color'>\n    <div class=\"button_element\" style=\"min-width: 200px;\">\n\n    \t        \t<a class=\"button\" href=\"https:\/\/dgmk.de\/en\/subtopics\/research-support-in-the-field-of-exploration-and-extraction\/\" target=\"\">\n        \n            In the Department of Geo-Energy Systems and Underground Technologies\n\n                \t<\/a>\n        \n    <\/div>\n<\/div><\/div><\/div><\/div><div class=\"wpb_column vc_column_container vc_col-sm-6\"><div class=\"vc_column-inner\"><div class=\"wpb_wrapper\"><div class='wpb_content_element button_wrapper left topic-hover-button-color'>\n    <div class=\"button_element\" style=\"min-width: 200px;\">\n\n    \t        \t<a class=\"button\" href=\"https:\/\/dgmk.de\/en\/subtopics\/research-funding-in-the-field-of-processing-and-application\/\" target=\"\">\n        \n            In the Field of Refining and Product Application\n\n                \t<\/a>\n        \n    <\/div>\n<\/div><\/div><\/div><\/div><\/div><div class=\"vc_row-full-width vc_clearfix\"><\/div><\/div><div class='nd-container-big'><div data-vc-full-width=\"true\" data-vc-full-width-temp=\"true\" data-vc-full-width-init=\"false\" class=\"vc_row wpb_row vc_row-fluid\"><div class=\"wpb_column vc_column_container vc_col-sm-6\"><div class=\"vc_column-inner\"><div class=\"wpb_wrapper\"><div class='wpb_content_element empty_space'>\n\t<div class='d-none d-md-block spacer_medium_big' style=''><\/div>\n\t<div class='d-block d-md-none spacer_medium' style=''><\/div>\n<\/div><div class=\"wpb_content_element link_list\">\n    <h2 data-field=\"headline\">Further Links<\/h2>\n    \n           \t<div data-section=\"link_content\">\n\t        <h3>AiF Alliance for Industry and Research<\/h3>\n\t        <p>Information on the AiF<\/p>\n\t        <a href=\"https:\/\/www.aif.de\/\" target='_blank' rel=\"noopener\">https:\/\/www.aif.de\/<\/a>\n\t    <\/div>\n           \t<div data-section=\"link_content\">\n\t        <h3>Federal Ministry of Economics and Climate Protection<\/h3>\n\t        <p>Information on the IGF<\/p>\n\t        <a href=\"https:\/\/www.igf-foerderung.de\/\" target='_blank' rel=\"noopener\">https:\/\/www.igf-foerderung.de\/<\/a>\n\t    <\/div>\n           \t<div data-section=\"link_content\">\n\t        <h3>Funding database of the BMWK<\/h3>\n\t        <p>Funding guidelines and funding database of the federal government, the states and the EU<\/p>\n\t        <a href=\"https:\/\/www.foerderdatenbank.de\" target='_blank' rel=\"noopener\">www.foerderdatenbank.de<\/a>\n\t    <\/div>\n           \t<div data-section=\"link_content\">\n\t        <h3>The Federal Government<\/h3>\n\t        <p>Federal Government \"Research and Innovation\" funding advice<\/p>\n\t        <a href=\"https:\/\/www.foerderinfo.bund.de\" target='_blank' rel=\"noopener\">www.foerderinfo.bund.de<\/a>\n\t    <\/div>\n        \n<\/div><\/div><\/div><\/div><div class=\"wpb_column vc_column_container vc_col-sm-6\"><div class=\"vc_column-inner\"><div class=\"wpb_wrapper\"><\/div><\/div><\/div><\/div><div class=\"vc_row-full-width vc_clearfix\"><\/div><\/div>\n<\/div>","protected":false},"excerpt":{"rendered":"Research funding at the DGMK With our services, we create a bridge between science and practice. In our projects, companies from the energy sector work together with universities and research institutes. We thus maintain what is probably the most extensive R&amp;D network on the subject of energy sources in the German-speaking world. Our research projects are financed exclusively by industry and\/or public research funds, which are used to ... <a href=\"https:\/\/dgmk.de\/en\/research\/research-funding\/\">Continued<\/a>","protected":false},"author":1,"featured_media":0,"parent":186,"menu_order":1,"comment_status":"closed","ping_status":"closed","template":"","meta":{"_acf_changed":false,"footnotes":""},"class_list":["post-203","page","type-page","status-publish","hentry"],"acf":[],"yoast_head":"<!-- This site is optimized with the Yoast SEO plugin v26.2 - https:\/\/yoast.com\/wordpress\/plugins\/seo\/ -->\n<title>Forschungsf\u00f6rderung - DGMK e.V.<\/title>\n<meta name=\"robots\" content=\"index, follow, max-snippet:-1, max-image-preview:large, max-video-preview:-1\" \/>\n<link rel=\"canonical\" href=\"https:\/\/dgmk.de\/en\/research\/research-funding\/\" \/>\n<meta property=\"og:locale\" content=\"en_US\" \/>\n<meta property=\"og:type\" content=\"article\" \/>\n<meta property=\"og:title\" content=\"Forschungsf\u00f6rderung - DGMK e.V.\" \/>\n<meta property=\"og:url\" content=\"https:\/\/dgmk.de\/en\/research\/research-funding\/\" \/>\n<meta property=\"og:site_name\" content=\"DGMK e.V.\" \/>\n<meta property=\"article:modified_time\" content=\"2025-01-27T13:18:59+00:00\" \/>\n<meta name=\"twitter:card\" content=\"summary_large_image\" \/>\n<meta name=\"twitter:label1\" content=\"Est. reading time\" \/>\n\t<meta name=\"twitter:data1\" content=\"3 minutes\" \/>\n<script type=\"application\/ld+json\" class=\"yoast-schema-graph\">{\"@context\":\"https:\/\/schema.org\",\"@graph\":[{\"@type\":\"WebPage\",\"@id\":\"https:\/\/dgmk.de\/forschung\/forschungsfoerderung\/\",\"url\":\"https:\/\/dgmk.de\/forschung\/forschungsfoerderung\/\",\"name\":\"Forschungsf\u00f6rderung - DGMK e.V.\",\"isPartOf\":{\"@id\":\"https:\/\/dgmk.de\/#website\"},\"datePublished\":\"2018-05-24T12:51:54+00:00\",\"dateModified\":\"2025-01-27T13:18:59+00:00\",\"breadcrumb\":{\"@id\":\"https:\/\/dgmk.de\/forschung\/forschungsfoerderung\/#breadcrumb\"},\"inLanguage\":\"en-US\",\"potentialAction\":[{\"@type\":\"ReadAction\",\"target\":[\"https:\/\/dgmk.de\/forschung\/forschungsfoerderung\/\"]}]},{\"@type\":\"BreadcrumbList\",\"@id\":\"https:\/\/dgmk.de\/forschung\/forschungsfoerderung\/#breadcrumb\",\"itemListElement\":[{\"@type\":\"ListItem\",\"position\":1,\"name\":\"Home\",\"item\":\"https:\/\/dgmk.de\/\"},{\"@type\":\"ListItem\",\"position\":2,\"name\":\"Forschung\",\"item\":\"https:\/\/dgmk.de\/forschung\/\"},{\"@type\":\"ListItem\",\"position\":3,\"name\":\"Forschungsf\u00f6rderung\"}]},{\"@type\":\"WebSite\",\"@id\":\"https:\/\/dgmk.de\/#website\",\"url\":\"https:\/\/dgmk.de\/\",\"name\":\"DGMK e.V.\",\"description\":\"Deutsche Wissenschaftliche Gesellschaft f\u00fcr nachhaltige Energietr\u00e4ger, Mobilit\u00e4t und Kohlenstoffkreisl\u00e4ufe e.V.\",\"potentialAction\":[{\"@type\":\"SearchAction\",\"target\":{\"@type\":\"EntryPoint\",\"urlTemplate\":\"https:\/\/dgmk.de\/?s={search_term_string}\"},\"query-input\":{\"@type\":\"PropertyValueSpecification\",\"valueRequired\":true,\"valueName\":\"search_term_string\"}}],\"inLanguage\":\"en-US\"}]}<\/script>\n<!-- \/ Yoast SEO plugin. -->","yoast_head_json":{"title":"Research funding - DGMK e.V.","robots":{"index":"index","follow":"follow","max-snippet":"max-snippet:-1","max-image-preview":"max-image-preview:large","max-video-preview":"max-video-preview:-1"},"canonical":"https:\/\/dgmk.de\/en\/research\/research-funding\/","og_locale":"en_US","og_type":"article","og_title":"Forschungsf\u00f6rderung - DGMK e.V.","og_url":"https:\/\/dgmk.de\/en\/research\/research-funding\/","og_site_name":"DGMK e.V.","article_modified_time":"2025-01-27T13:18:59+00:00","twitter_card":"summary_large_image","twitter_misc":{"Est. reading time":"3 minutes"},"schema":{"@context":"https:\/\/schema.org","@graph":[{"@type":"WebPage","@id":"https:\/\/dgmk.de\/forschung\/forschungsfoerderung\/","url":"https:\/\/dgmk.de\/forschung\/forschungsfoerderung\/","name":"Research funding - DGMK e.V.","isPartOf":{"@id":"https:\/\/dgmk.de\/#website"},"datePublished":"2018-05-24T12:51:54+00:00","dateModified":"2025-01-27T13:18:59+00:00","breadcrumb":{"@id":"https:\/\/dgmk.de\/forschung\/forschungsfoerderung\/#breadcrumb"},"inLanguage":"en-US","potentialAction":[{"@type":"ReadAction","target":["https:\/\/dgmk.de\/forschung\/forschungsfoerderung\/"]}]},{"@type":"BreadcrumbList","@id":"https:\/\/dgmk.de\/forschung\/forschungsfoerderung\/#breadcrumb","itemListElement":[{"@type":"ListItem","position":1,"name":"Home","item":"https:\/\/dgmk.de\/"},{"@type":"ListItem","position":2,"name":"Forschung","item":"https:\/\/dgmk.de\/forschung\/"},{"@type":"ListItem","position":3,"name":"Forschungsf\u00f6rderung"}]},{"@type":"WebSite","@id":"https:\/\/dgmk.de\/#website","url":"https:\/\/dgmk.de\/","name":"DGMK e.V.","description":"DGMK German Society for Sustainable Energy Carriers, Mobility and Carbon Cycles e.V.","potentialAction":[{"@type":"SearchAction","target":{"@type":"EntryPoint","urlTemplate":"https:\/\/dgmk.de\/?s={search_term_string}"},"query-input":{"@type":"PropertyValueSpecification","valueRequired":true,"valueName":"search_term_string"}}],"inLanguage":"en-US"}]}},"_links":{"self":[{"href":"https:\/\/dgmk.de\/en\/wp-json\/wp\/v2\/pages\/203","targetHints":{"allow":["GET"]}}],"collection":[{"href":"https:\/\/dgmk.de\/en\/wp-json\/wp\/v2\/pages"}],"about":[{"href":"https:\/\/dgmk.de\/en\/wp-json\/wp\/v2\/types\/page"}],"author":[{"embeddable":true,"href":"https:\/\/dgmk.de\/en\/wp-json\/wp\/v2\/users\/1"}],"replies":[{"embeddable":true,"href":"https:\/\/dgmk.de\/en\/wp-json\/wp\/v2\/comments?post=203"}],"version-history":[{"count":11,"href":"https:\/\/dgmk.de\/en\/wp-json\/wp\/v2\/pages\/203\/revisions"}],"predecessor-version":[{"id":17850,"href":"https:\/\/dgmk.de\/en\/wp-json\/wp\/v2\/pages\/203\/revisions\/17850"}],"up":[{"embeddable":true,"href":"https:\/\/dgmk.de\/en\/wp-json\/wp\/v2\/pages\/186"}],"wp:attachment":[{"href":"https:\/\/dgmk.de\/en\/wp-json\/wp\/v2\/media?parent=203"}],"curies":[{"name":"wp","href":"https:\/\/api.w.org\/{rel}","templated":true}]}}