{"id":202,"date":"2018-05-24T14:51:35","date_gmt":"2018-05-24T12:51:35","guid":{"rendered":"http:\/\/dgmk.test\/?page_id=202"},"modified":"2018-10-23T12:18:25","modified_gmt":"2018-10-23T10:18:25","slug":"projects","status":"publish","type":"page","link":"https:\/\/dgmk.de\/en\/research\/projects\/","title":{"rendered":"Projects"},"content":{"rendered":"<div class=\"wpb-content-wrapper\"><div class='nd-container-big'><div data-vc-full-width=\"true\" data-vc-full-width-temp=\"true\" data-vc-full-width-init=\"false\" class=\"vc_row wpb_row vc_row-fluid d-none d-md-block\"><div class=\"wpb_column vc_column_container vc_col-sm-12\"><div class=\"vc_column-inner\"><div class=\"wpb_wrapper\"><div class='wpb_content_element empty_space'>\n\t<div class='d-none d-md-block spacer_big' style=''><\/div>\n\t<div class='d-block d-md-none spacer_big' style=''><\/div>\n<\/div>\n\t<div class=\"wpb_text_column wpb_content_element\" >\n\t\t<div class=\"wpb_wrapper\">\n\t\t\t<h1>Project Overview<\/h1>\n\n\t\t<\/div>\n\t<\/div>\n<\/div><\/div><\/div><\/div><div class=\"vc_row-full-width vc_clearfix\"><\/div><\/div><div class='nd-container-big'><div data-vc-full-width=\"true\" data-vc-full-width-temp=\"true\" data-vc-full-width-init=\"false\" class=\"vc_row wpb_row vc_row-fluid\"><div class=\"wpb_column vc_column_container vc_col-sm-12\"><div class=\"vc_column-inner\"><div class=\"wpb_wrapper\"><script>\n    php_to_js['project_grid_topic_modules'] = [{\"id\":1117,\"name\":\" Mobilit\\u00e4t\",\"slug\":\"kraftstoffe\",\"topic\":\"verarbeitung-und-anwendung\"},{\"id\":951,\"name\":\" Schmier\\u00adstoffe\",\"slug\":\"schmierstoffe\",\"topic\":\"verarbeitung-und-anwendung\"},{\"id\":1132,\"name\":\" Station\\u00e4re Anwendungen\",\"slug\":\"brennstoffe\",\"topic\":\"verarbeitung-und-anwendung\"},{\"id\":1606,\"name\":\" Untertage\\u00adspeicher\\u00adtechnik\",\"slug\":\"untertagespeichertechnik\",\"topic\":\"geo-energiesysteme-und-untertagetechnologien\"},{\"id\":1563,\"name\":\" Geo\\u00adwissenschaften\",\"slug\":\"geowissenschaften\",\"topic\":\"geo-energiesysteme-und-untertagetechnologien\"},{\"id\":1589,\"name\":\" Lager\\u00adst\\u00e4tten\\u00adtechnik\",\"slug\":\"lagerstaettentechnik\",\"topic\":\"geo-energiesysteme-und-untertagetechnologien\"},{\"id\":1601,\"name\":\" F\\u00f6rder\\u00adtechnik\",\"slug\":\"foerdertechnik\",\"topic\":\"geo-energiesysteme-und-untertagetechnologien\"},{\"id\":1581,\"name\":\" Bohr- und Komplettierungs\\u00adtechnik\",\"slug\":\"bohr-und-komplettierungstechnik\",\"topic\":\"geo-energiesysteme-und-untertagetechnologien\"},{\"id\":232,\"name\":\" Lagerung, Transport und Verteilung\",\"slug\":\"lagerung-transport-verteilung\",\"topic\":\"verarbeitung-und-anwendung\"},{\"id\":1148,\"name\":\" Analytik\",\"slug\":\"analytik\",\"topic\":\"verarbeitung-und-anwendung\"},{\"id\":918,\"name\":\" Mineral\\u00f6l\\u00adfernleitungen\",\"slug\":\"mineraloelfernleitungen\",\"topic\":\"verarbeitung-und-anwendung\"},{\"id\":229,\"name\":\" Prozess\\u00adsicherheit\",\"slug\":\"prozesssicherheit\",\"topic\":\"verarbeitung-und-anwendung\"},{\"id\":946,\"name\":\" Arbeits\\u00adsicherheit\",\"slug\":\"arbeitssicherheit\",\"topic\":\"verarbeitung-und-anwendung\"}];\n<\/script>\n\n<div class=\"wpb_content_element project_grid grid\">\n\t\t<div class='grid_filter'>\n\n\t\t\t\t<div class=\"filter_container\">\n\t\t\t<div class=\"filter_button_container active\" data-topic=\"all\" data-same-height-group=\"topic_filter_button\" data-same-height-group-min-xxs=\"true\">\n\t\t\t\t<button class=\"filter_button\" data-filter=\"all\">\n\t\t\t\t\tAll projects\n\t\t\t\t<\/button>\n\t\t\t<\/div>\n\n\t\t\t\t\t\t\t<div class=\"filter_button_container\" data-topic=\"TOPIC_VERARBEITUNG_UND_ANWENDUNG\" data-same-height-group=\"topic_filter_button\" data-same-height-group-min-xxs=\"true\">\n\t\t\t\t\t<div class=\"hexagon topic-hexagon-color\"><\/div>\n\t\t\t\t\t<button class=\"filter_button topic-color-hover\" data-filter=\"verarbeitung-und-anwendung\">\n\t\t\t\t\t\tRefining and Product Application\n\t\t\t\t\t<\/button>\n\t\t\t\t<\/div>\n\t\t\t\t\t\t\t<div class=\"filter_button_container\" data-topic=\"TOPIC_AUFSUCHUNG_UND_GEWINNUNG\" data-same-height-group=\"topic_filter_button\" data-same-height-group-min-xxs=\"true\">\n\t\t\t\t\t<div class=\"hexagon topic-hexagon-color\"><\/div>\n\t\t\t\t\t<button class=\"filter_button topic-color-hover\" data-filter=\"geo-energiesysteme-und-untertagetechnologien\">\n\t\t\t\t\t\tGeo-Energy Systems and Subsurface Technologies\n\t\t\t\t\t<\/button>\n\t\t\t\t<\/div>\n\t\t\t\t\t\t\t<div class=\"filter_button_container\" data-topic=\"\" data-same-height-group=\"topic_filter_button\" data-same-height-group-min-xxs=\"true\">\n\t\t\t\t\t<div class=\"hexagon topic-hexagon-color\"><\/div>\n\t\t\t\t\t<button class=\"filter_button topic-color-hover\" data-filter=\"dgmk\">\n\t\t\t\t\t\tDGMK\n\t\t\t\t\t<\/button>\n\t\t\t\t<\/div>\n\t\t\t\t\t<\/div>\n\n\t\t\t\t<div class=\"row text_filter_container\">\n\t\t\t<div class=\"col-md-9\">\n\t\t\t\t<input type=\"text\" name=\"search_text\" placeholder=\"Enter a search term\">\n\t\t\t<\/div>\n\t\t<\/div>\n\n\t\t\t\t<div class=\"row list_filter_container\">\n\t\t\t<div class=\"col-md-9\">\n\t\t\t\t<select class=\"topic_module_list\" name=\"topic_modules[]\" multiple=\"multiple\">\n\t\t\t\t<\/select>\n\t\t\t<\/div>\n\t\t<\/div>\n\t<\/div>\n\n\t\t<div class='grid_wrapper'>\n\t\t<div class=\"loading_pane\">\n\t\t\t<div class=\"loading_glass_pane\"><\/div>\n\t\t\t<div class=\"loading_spinner\"><\/div>\n\t\t<\/div>\n\t\t<div class=\"no_results_label\">No results found<\/div>\n\t<\/div>\n\n\t\t<div class='show_more_button'>\n\t\t<div class='wpb_content_element button_wrapper left topic-hover-button-color'>\n    <div class=\"button_element\" style=\"min-width: 200px;\">\n\n    \t        \t<span class=\"button\">\n        \n            Show more projects\n\n                \t<\/span>\n        \n    <\/div>\n<\/div>\n\t\t<div class=\"loading_spinner\"><\/div>\n\t<\/div>\n<\/div><\/div><\/div><\/div><\/div><div class=\"vc_row-full-width vc_clearfix\"><\/div><\/div>\n<\/div>","protected":false},"excerpt":{"rendered":"Project overview All projects Processing and application Geo-Energy Systems and Underground Technologies DGMK No results found Show more projects","protected":false},"author":1,"featured_media":0,"parent":186,"menu_order":0,"comment_status":"closed","ping_status":"closed","template":"template-with_breadcrumbs.php","meta":{"_acf_changed":false,"footnotes":""},"class_list":["post-202","page","type-page","status-publish","hentry"],"acf":[],"yoast_head":"<!-- This site is optimized with the Yoast SEO plugin v26.2 - https:\/\/yoast.com\/wordpress\/plugins\/seo\/ -->\n<title>Projekte - DGMK e.V.<\/title>\n<meta name=\"robots\" content=\"index, follow, max-snippet:-1, max-image-preview:large, max-video-preview:-1\" \/>\n<link rel=\"canonical\" href=\"https:\/\/dgmk.de\/en\/research\/projects\/\" \/>\n<meta property=\"og:locale\" content=\"en_US\" \/>\n<meta property=\"og:type\" content=\"article\" \/>\n<meta property=\"og:title\" content=\"Projekte - DGMK e.V.\" \/>\n<meta property=\"og:url\" content=\"https:\/\/dgmk.de\/en\/research\/projects\/\" \/>\n<meta property=\"og:site_name\" content=\"DGMK e.V.\" \/>\n<meta property=\"article:modified_time\" content=\"2018-10-23T10:18:25+00:00\" \/>\n<meta name=\"twitter:card\" content=\"summary_large_image\" \/>\n<script type=\"application\/ld+json\" class=\"yoast-schema-graph\">{\"@context\":\"https:\/\/schema.org\",\"@graph\":[{\"@type\":\"WebPage\",\"@id\":\"https:\/\/dgmk.de\/forschung\/projekte\/\",\"url\":\"https:\/\/dgmk.de\/forschung\/projekte\/\",\"name\":\"Projekte - DGMK e.V.\",\"isPartOf\":{\"@id\":\"https:\/\/dgmk.de\/#website\"},\"datePublished\":\"2018-05-24T12:51:35+00:00\",\"dateModified\":\"2018-10-23T10:18:25+00:00\",\"breadcrumb\":{\"@id\":\"https:\/\/dgmk.de\/forschung\/projekte\/#breadcrumb\"},\"inLanguage\":\"en-US\",\"potentialAction\":[{\"@type\":\"ReadAction\",\"target\":[\"https:\/\/dgmk.de\/forschung\/projekte\/\"]}]},{\"@type\":\"BreadcrumbList\",\"@id\":\"https:\/\/dgmk.de\/forschung\/projekte\/#breadcrumb\",\"itemListElement\":[{\"@type\":\"ListItem\",\"position\":1,\"name\":\"Home\",\"item\":\"https:\/\/dgmk.de\/\"},{\"@type\":\"ListItem\",\"position\":2,\"name\":\"Forschung\",\"item\":\"https:\/\/dgmk.de\/forschung\/\"},{\"@type\":\"ListItem\",\"position\":3,\"name\":\"Projekte\"}]},{\"@type\":\"WebSite\",\"@id\":\"https:\/\/dgmk.de\/#website\",\"url\":\"https:\/\/dgmk.de\/\",\"name\":\"DGMK e.V.\",\"description\":\"Deutsche Wissenschaftliche Gesellschaft f\u00fcr nachhaltige Energietr\u00e4ger, Mobilit\u00e4t und Kohlenstoffkreisl\u00e4ufe e.V.\",\"potentialAction\":[{\"@type\":\"SearchAction\",\"target\":{\"@type\":\"EntryPoint\",\"urlTemplate\":\"https:\/\/dgmk.de\/?s={search_term_string}\"},\"query-input\":{\"@type\":\"PropertyValueSpecification\",\"valueRequired\":true,\"valueName\":\"search_term_string\"}}],\"inLanguage\":\"en-US\"}]}<\/script>\n<!-- \/ Yoast SEO plugin. -->","yoast_head_json":{"title":"Projects - DGMK e.V.","robots":{"index":"index","follow":"follow","max-snippet":"max-snippet:-1","max-image-preview":"max-image-preview:large","max-video-preview":"max-video-preview:-1"},"canonical":"https:\/\/dgmk.de\/en\/research\/projects\/","og_locale":"en_US","og_type":"article","og_title":"Projekte - DGMK e.V.","og_url":"https:\/\/dgmk.de\/en\/research\/projects\/","og_site_name":"DGMK e.V.","article_modified_time":"2018-10-23T10:18:25+00:00","twitter_card":"summary_large_image","schema":{"@context":"https:\/\/schema.org","@graph":[{"@type":"WebPage","@id":"https:\/\/dgmk.de\/forschung\/projekte\/","url":"https:\/\/dgmk.de\/forschung\/projekte\/","name":"Projects - DGMK e.V.","isPartOf":{"@id":"https:\/\/dgmk.de\/#website"},"datePublished":"2018-05-24T12:51:35+00:00","dateModified":"2018-10-23T10:18:25+00:00","breadcrumb":{"@id":"https:\/\/dgmk.de\/forschung\/projekte\/#breadcrumb"},"inLanguage":"en-US","potentialAction":[{"@type":"ReadAction","target":["https:\/\/dgmk.de\/forschung\/projekte\/"]}]},{"@type":"BreadcrumbList","@id":"https:\/\/dgmk.de\/forschung\/projekte\/#breadcrumb","itemListElement":[{"@type":"ListItem","position":1,"name":"Home","item":"https:\/\/dgmk.de\/"},{"@type":"ListItem","position":2,"name":"Forschung","item":"https:\/\/dgmk.de\/forschung\/"},{"@type":"ListItem","position":3,"name":"Projekte"}]},{"@type":"WebSite","@id":"https:\/\/dgmk.de\/#website","url":"https:\/\/dgmk.de\/","name":"DGMK e.V.","description":"DGMK German Society for Sustainable Energy Carriers, Mobility and Carbon Cycles e.V.","potentialAction":[{"@type":"SearchAction","target":{"@type":"EntryPoint","urlTemplate":"https:\/\/dgmk.de\/?s={search_term_string}"},"query-input":{"@type":"PropertyValueSpecification","valueRequired":true,"valueName":"search_term_string"}}],"inLanguage":"en-US"}]}},"_links":{"self":[{"href":"https:\/\/dgmk.de\/en\/wp-json\/wp\/v2\/pages\/202","targetHints":{"allow":["GET"]}}],"collection":[{"href":"https:\/\/dgmk.de\/en\/wp-json\/wp\/v2\/pages"}],"about":[{"href":"https:\/\/dgmk.de\/en\/wp-json\/wp\/v2\/types\/page"}],"author":[{"embeddable":true,"href":"https:\/\/dgmk.de\/en\/wp-json\/wp\/v2\/users\/1"}],"replies":[{"embeddable":true,"href":"https:\/\/dgmk.de\/en\/wp-json\/wp\/v2\/comments?post=202"}],"version-history":[{"count":0,"href":"https:\/\/dgmk.de\/en\/wp-json\/wp\/v2\/pages\/202\/revisions"}],"up":[{"embeddable":true,"href":"https:\/\/dgmk.de\/en\/wp-json\/wp\/v2\/pages\/186"}],"wp:attachment":[{"href":"https:\/\/dgmk.de\/en\/wp-json\/wp\/v2\/media?parent=202"}],"curies":[{"name":"wp","href":"https:\/\/api.w.org\/{rel}","templated":true}]}}