{"id":193,"date":"2018-05-24T14:41:28","date_gmt":"2018-05-24T12:41:28","guid":{"rendered":"http:\/\/dgmk.test\/?page_id=193"},"modified":"2025-11-03T11:24:17","modified_gmt":"2025-11-03T10:24:17","slug":"imprint","status":"publish","type":"page","link":"https:\/\/dgmk.de\/en\/imprint\/","title":{"rendered":"Imprint"},"content":{"rendered":"<div class=\"wpb-content-wrapper\"><div class='nd-container-big'><div data-vc-full-width=\"true\" data-vc-full-width-temp=\"true\" data-vc-full-width-init=\"false\" class=\"vc_row wpb_row vc_row-fluid\"><div class=\"wpb_column vc_column_container vc_col-sm-12\"><div class=\"vc_column-inner\"><div class=\"wpb_wrapper\"><div class='wpb_content_element empty_space'>\n\t<div class='d-none d-md-block spacer_big' style=''><\/div>\n\t<div class='d-block d-md-none spacer_medium' style=''><\/div>\n<\/div>\n\t<div class=\"wpb_text_column wpb_content_element\" >\n\t\t<div class=\"wpb_wrapper\">\n\t\t\t<h1 class=\"fnt_color_green\">Imprint<\/h1>\n\n\t\t<\/div>\n\t<\/div>\n\n\t<div class=\"wpb_text_column wpb_content_element\" >\n\t\t<div class=\"wpb_wrapper\">\n\t\t\t<h2>Information according to \u00a7 5 DGG<\/h2>\n<p>DGMK German Scientific Society for Sustainable Energy, Mobility and Carbon Cycles e.V.<br \/>\nGreat Elbe Street 131<br \/>\n22767 Hamburg<\/p>\n<p>Register of associations: 69 VR 6898<br \/>\nRegister court: Amtsgericht Hamburg<\/p>\n<p><strong>Represented by the board of directors:<\/strong><\/p>\n<blockquote class=\"wp-embedded-content\" data-secret=\"w7rAMZ9H7I\"><p>\n<a href=\"https:\/\/dgmk.de\/en\/about-dgmk\/organization\/\">Organisation<\/a>\n<\/p><\/blockquote>\n<p><iframe loading=\"lazy\" class=\"wp-embedded-content\" sandbox=\"allow-scripts\" security=\"restricted\" style=\"position: absolute; visibility: hidden;\" title=\"&quot;Organization&quot; - DGMK e.V.\" src=\"https:\/\/dgmk.de\/ueber-dgmk\/organisation\/embed\/#?secret=Qikef1Uw0Y#?secret=w7rAMZ9H7I\" data-secret=\"w7rAMZ9H7I\" width=\"500\" height=\"282\" frameborder=\"0\" marginwidth=\"0\" marginheight=\"0\" scrolling=\"no\"><\/iframe><\/p>\n<h2>Contact<\/h2>\n<p>Phone: <a href='tel:+49406390040' class=''>+49 40 639004 0<\/a><br \/>\nFax: <a href='tel:+494063900450' class=''>+49 40 639004 50<\/a><br \/>\nE-mail: <a href='\/mail-redirect.php\/?m=aW5mb0BkZ21rLmRl' class='mail_link'>info<span class='at'><\/span>dgmk.de<\/a><\/p>\n<h2>Value Added Tax<\/h2>\n<p>Value Added Tax identification number (VAT ID) according to \u00a727 a Value Added Tax Act:<br \/>\nDE 118712841<\/p>\n<h2>Responsible for the content according to \u00a7 55 (2) RStV (State Broadcasting Treaty)<\/h2>\n<p>Dr. Gesa Netzeband<br \/>\nGreat Elbe Street 131<br \/>\n22767 Hamburg<\/p>\n<h2>Dispute Settlement<\/h2>\n<p>The European Commission provides an Online Dispute Resolution (ODR) platform: <a href=\"https:\/\/ec.europa.eu\/consumers\/odr\" target=\"_blank\" rel=\"noopener noreferrer\">https:\/\/ec.europa.eu\/consumers\/odr<\/a>.<br \/>\nYou will find our e-mail address at the top of the imprint.<\/p>\n<p>We are not willing or obliged to participate in dispute resolution proceedings before a consumer arbitration board.<\/p>\n<h3>Liability for Contents<\/h3>\n<p>As a service provider, we are responsible for our own content on these pages according to \u00a7 7 (1) TMG (German Telemedia Act) and general laws. According to \u00a7\u00a7 8 to 10 TMG we are not obliged to monitor transmitted or stored information from third parties or to investigate circumstances that indicate illegal activity.<\/p>\n<p>Obligations to remove or block the use of information according to general laws remain unaffected. However, liability in this respect is only possible from the time of knowledge of a concrete infringement. If we become aware of any such legal infringements, we will remove these contents immediately.<\/p>\n<h3>Liability for Links<\/h3>\n<p>Our offer contains links to external websites of third parties, on whose contents we have no influence. Therefore we cannot assume any liability for these external contents. The respective provider or operator of the sites is always responsible for the contents of the linked sites. The linked pages were checked for possible legal violations at the time of linking. Illegal contents were not identified at the time of linking.<\/p>\n<p>However, a permanent control of the contents of the linked pages is not reasonable without concrete evidence of a violation of the law. If we become aware of any infringements, we will remove such links immediately.<\/p>\n<h3>Copyright<\/h3>\n<p>The contents and works on these pages created by the site operators are subject to German copyright law. The reproduction, editing, distribution and any kind of use outside the limits of copyright law require the written consent of the respective author or creator. Downloads and copies of these pages are only permitted for private, non-commercial use.<\/p>\n<p>Insofar as the content on this site was not created by the operator, the copyrights of third parties are respected. In particular, third-party content is identified as such. Should you nevertheless become aware of a copyright infringement, please inform us accordingly. If we become aware of any infringements, we will remove such contents immediately.<\/p>\n<p>Source: <a href=\"https:\/\/www.e-recht24.de\">e-recht24.de<\/a><\/p>\n<h3>Web Design and Programming<\/h3>\n<p>DIE NEUDENKER\u00ae<br \/>\nDesign. Code. Content.<\/p>\n<p>Jahnstrasse 4<br \/>\n64285 Darmstadt<br \/>\n<a href=\"https:\/\/dieneudenker.de\/\" target=\"_blank\" rel=\"noopener noreferrer\">dieneudenker.de<\/a><\/p>\n\n\t\t<\/div>\n\t<\/div>\n<\/div><\/div><\/div><\/div><div class=\"vc_row-full-width vc_clearfix\"><\/div><\/div>\n<\/div>","protected":false},"excerpt":{"rendered":"Imprint Information according to \u00a7 5 DGG DGMK Deutsche Wissenschaftliche Gesellschaft f\u00fcr nachhaltige Energietr\u00e4ger, Mobilit\u00e4t und Kohlenstoffkreisl\u00e4ufe e.V. Gro\u00dfe Elbstra\u00dfe 131 22767 Hamburg Register of Associations: 69 VR 6898 Register Court: Hamburg Local Court Represented by the Executive Board: https:\/\/www.dgmk.de\/ueber-dgmk\/organisation\/#vorstand Contact Phone: +49 40 639004 0 Fax: +49 40 639004 50 E-Mail: infodgmk.de Value added tax Value added tax identification number according to \u00a727 a Value Added Tax Act: DE 118712841 ... <a href=\"https:\/\/dgmk.de\/en\/imprint\/\">Continued<\/a>","protected":false},"author":1,"featured_media":0,"parent":0,"menu_order":10,"comment_status":"closed","ping_status":"closed","template":"","meta":{"_acf_changed":false,"footnotes":""},"class_list":["post-193","page","type-page","status-publish","hentry"],"acf":[],"yoast_head":"<!-- This site is optimized with the Yoast SEO plugin v26.2 - https:\/\/yoast.com\/wordpress\/plugins\/seo\/ -->\n<title>Impressum - DGMK e.V.<\/title>\n<meta name=\"robots\" content=\"index, follow, max-snippet:-1, max-image-preview:large, max-video-preview:-1\" \/>\n<link rel=\"canonical\" href=\"https:\/\/dgmk.de\/en\/imprint\/\" \/>\n<meta property=\"og:locale\" content=\"en_US\" \/>\n<meta property=\"og:type\" content=\"article\" \/>\n<meta property=\"og:title\" content=\"Impressum - DGMK e.V.\" \/>\n<meta property=\"og:url\" content=\"https:\/\/dgmk.de\/en\/imprint\/\" \/>\n<meta property=\"og:site_name\" content=\"DGMK e.V.\" \/>\n<meta property=\"article:modified_time\" content=\"2025-11-03T10:24:17+00:00\" \/>\n<meta name=\"twitter:card\" content=\"summary_large_image\" \/>\n<meta name=\"twitter:label1\" content=\"Est. reading time\" \/>\n\t<meta name=\"twitter:data1\" content=\"3 minutes\" \/>\n<script type=\"application\/ld+json\" class=\"yoast-schema-graph\">{\"@context\":\"https:\/\/schema.org\",\"@graph\":[{\"@type\":\"WebPage\",\"@id\":\"https:\/\/dgmk.de\/impressum\/\",\"url\":\"https:\/\/dgmk.de\/impressum\/\",\"name\":\"Impressum - DGMK e.V.\",\"isPartOf\":{\"@id\":\"https:\/\/dgmk.de\/#website\"},\"datePublished\":\"2018-05-24T12:41:28+00:00\",\"dateModified\":\"2025-11-03T10:24:17+00:00\",\"breadcrumb\":{\"@id\":\"https:\/\/dgmk.de\/impressum\/#breadcrumb\"},\"inLanguage\":\"en-US\",\"potentialAction\":[{\"@type\":\"ReadAction\",\"target\":[\"https:\/\/dgmk.de\/impressum\/\"]}]},{\"@type\":\"BreadcrumbList\",\"@id\":\"https:\/\/dgmk.de\/impressum\/#breadcrumb\",\"itemListElement\":[{\"@type\":\"ListItem\",\"position\":1,\"name\":\"Home\",\"item\":\"https:\/\/dgmk.de\/\"},{\"@type\":\"ListItem\",\"position\":2,\"name\":\"Impressum\"}]},{\"@type\":\"WebSite\",\"@id\":\"https:\/\/dgmk.de\/#website\",\"url\":\"https:\/\/dgmk.de\/\",\"name\":\"DGMK e.V.\",\"description\":\"Deutsche Wissenschaftliche Gesellschaft f\u00fcr nachhaltige Energietr\u00e4ger, Mobilit\u00e4t und Kohlenstoffkreisl\u00e4ufe e.V.\",\"potentialAction\":[{\"@type\":\"SearchAction\",\"target\":{\"@type\":\"EntryPoint\",\"urlTemplate\":\"https:\/\/dgmk.de\/?s={search_term_string}\"},\"query-input\":{\"@type\":\"PropertyValueSpecification\",\"valueRequired\":true,\"valueName\":\"search_term_string\"}}],\"inLanguage\":\"en-US\"}]}<\/script>\n<!-- \/ Yoast SEO plugin. -->","yoast_head_json":{"title":"Imprint - DGMK e.V.","robots":{"index":"index","follow":"follow","max-snippet":"max-snippet:-1","max-image-preview":"max-image-preview:large","max-video-preview":"max-video-preview:-1"},"canonical":"https:\/\/dgmk.de\/en\/imprint\/","og_locale":"en_US","og_type":"article","og_title":"Impressum - DGMK e.V.","og_url":"https:\/\/dgmk.de\/en\/imprint\/","og_site_name":"DGMK e.V.","article_modified_time":"2025-11-03T10:24:17+00:00","twitter_card":"summary_large_image","twitter_misc":{"Est. reading time":"3 minutes"},"schema":{"@context":"https:\/\/schema.org","@graph":[{"@type":"WebPage","@id":"https:\/\/dgmk.de\/impressum\/","url":"https:\/\/dgmk.de\/impressum\/","name":"Imprint - DGMK e.V.","isPartOf":{"@id":"https:\/\/dgmk.de\/#website"},"datePublished":"2018-05-24T12:41:28+00:00","dateModified":"2025-11-03T10:24:17+00:00","breadcrumb":{"@id":"https:\/\/dgmk.de\/impressum\/#breadcrumb"},"inLanguage":"en-US","potentialAction":[{"@type":"ReadAction","target":["https:\/\/dgmk.de\/impressum\/"]}]},{"@type":"BreadcrumbList","@id":"https:\/\/dgmk.de\/impressum\/#breadcrumb","itemListElement":[{"@type":"ListItem","position":1,"name":"Home","item":"https:\/\/dgmk.de\/"},{"@type":"ListItem","position":2,"name":"Impressum"}]},{"@type":"WebSite","@id":"https:\/\/dgmk.de\/#website","url":"https:\/\/dgmk.de\/","name":"DGMK e.V.","description":"DGMK German Society for Sustainable Energy Carriers, Mobility and Carbon Cycles e.V.","potentialAction":[{"@type":"SearchAction","target":{"@type":"EntryPoint","urlTemplate":"https:\/\/dgmk.de\/?s={search_term_string}"},"query-input":{"@type":"PropertyValueSpecification","valueRequired":true,"valueName":"search_term_string"}}],"inLanguage":"en-US"}]}},"_links":{"self":[{"href":"https:\/\/dgmk.de\/en\/wp-json\/wp\/v2\/pages\/193","targetHints":{"allow":["GET"]}}],"collection":[{"href":"https:\/\/dgmk.de\/en\/wp-json\/wp\/v2\/pages"}],"about":[{"href":"https:\/\/dgmk.de\/en\/wp-json\/wp\/v2\/types\/page"}],"author":[{"embeddable":true,"href":"https:\/\/dgmk.de\/en\/wp-json\/wp\/v2\/users\/1"}],"replies":[{"embeddable":true,"href":"https:\/\/dgmk.de\/en\/wp-json\/wp\/v2\/comments?post=193"}],"version-history":[{"count":3,"href":"https:\/\/dgmk.de\/en\/wp-json\/wp\/v2\/pages\/193\/revisions"}],"predecessor-version":[{"id":19059,"href":"https:\/\/dgmk.de\/en\/wp-json\/wp\/v2\/pages\/193\/revisions\/19059"}],"wp:attachment":[{"href":"https:\/\/dgmk.de\/en\/wp-json\/wp\/v2\/media?parent=193"}],"curies":[{"name":"wp","href":"https:\/\/api.w.org\/{rel}","templated":true}]}}