{"id":188,"date":"2018-05-24T14:40:59","date_gmt":"2018-05-24T12:40:59","guid":{"rendered":"http:\/\/dgmk.test\/?page_id=188"},"modified":"2018-05-24T14:40:59","modified_gmt":"2018-05-24T12:40:59","slug":"about-dgmk","status":"publish","type":"page","link":"https:\/\/dgmk.de\/en\/about-dgmk\/","title":{"rendered":"About DGMK"},"content":{"rendered":"","protected":false},"excerpt":{"rendered":"","protected":false},"author":1,"featured_media":0,"parent":0,"menu_order":7,"comment_status":"closed","ping_status":"closed","template":"","meta":{"_acf_changed":false,"footnotes":""},"class_list":["post-188","page","type-page","status-publish","hentry"],"acf":[],"yoast_head":"<!-- This site is optimized with the Yoast SEO plugin v26.2 - https:\/\/yoast.com\/wordpress\/plugins\/seo\/ -->\n<title>\u00dcber DGMK - DGMK e.V.<\/title>\n<meta name=\"robots\" content=\"index, follow, max-snippet:-1, max-image-preview:large, max-video-preview:-1\" \/>\n<link rel=\"canonical\" href=\"https:\/\/dgmk.de\/en\/about-dgmk\/\" \/>\n<meta property=\"og:locale\" content=\"en_US\" \/>\n<meta property=\"og:type\" content=\"article\" \/>\n<meta property=\"og:title\" content=\"\u00dcber DGMK - DGMK e.V.\" \/>\n<meta property=\"og:url\" content=\"https:\/\/dgmk.de\/en\/about-dgmk\/\" \/>\n<meta property=\"og:site_name\" content=\"DGMK e.V.\" \/>\n<meta name=\"twitter:card\" content=\"summary_large_image\" \/>\n<script type=\"application\/ld+json\" class=\"yoast-schema-graph\">{\"@context\":\"https:\/\/schema.org\",\"@graph\":[{\"@type\":\"WebPage\",\"@id\":\"https:\/\/dgmk.de\/en\/ueber-dgmk\/\",\"url\":\"https:\/\/dgmk.de\/en\/ueber-dgmk\/\",\"name\":\"\u00dcber DGMK - DGMK e.V.\",\"isPartOf\":{\"@id\":\"https:\/\/dgmk.de\/#website\"},\"datePublished\":\"2018-05-24T12:40:59+00:00\",\"breadcrumb\":{\"@id\":\"https:\/\/dgmk.de\/en\/ueber-dgmk\/#breadcrumb\"},\"inLanguage\":\"en-US\",\"potentialAction\":[{\"@type\":\"ReadAction\",\"target\":[\"https:\/\/dgmk.de\/en\/ueber-dgmk\/\"]}]},{\"@type\":\"BreadcrumbList\",\"@id\":\"https:\/\/dgmk.de\/en\/ueber-dgmk\/#breadcrumb\",\"itemListElement\":[{\"@type\":\"ListItem\",\"position\":1,\"name\":\"Home\",\"item\":\"https:\/\/dgmk.de\/\"},{\"@type\":\"ListItem\",\"position\":2,\"name\":\"\u00dcber DGMK\"}]},{\"@type\":\"WebSite\",\"@id\":\"https:\/\/dgmk.de\/#website\",\"url\":\"https:\/\/dgmk.de\/\",\"name\":\"DGMK e.V.\",\"description\":\"Deutsche Wissenschaftliche Gesellschaft f\u00fcr nachhaltige Energietr\u00e4ger, Mobilit\u00e4t und Kohlenstoffkreisl\u00e4ufe e.V.\",\"potentialAction\":[{\"@type\":\"SearchAction\",\"target\":{\"@type\":\"EntryPoint\",\"urlTemplate\":\"https:\/\/dgmk.de\/?s={search_term_string}\"},\"query-input\":{\"@type\":\"PropertyValueSpecification\",\"valueRequired\":true,\"valueName\":\"search_term_string\"}}],\"inLanguage\":\"en-US\"}]}<\/script>\n<!-- \/ Yoast SEO plugin. -->","yoast_head_json":{"title":"About DGMK - DGMK e.V.","robots":{"index":"index","follow":"follow","max-snippet":"max-snippet:-1","max-image-preview":"max-image-preview:large","max-video-preview":"max-video-preview:-1"},"canonical":"https:\/\/dgmk.de\/en\/about-dgmk\/","og_locale":"en_US","og_type":"article","og_title":"\u00dcber DGMK - DGMK e.V.","og_url":"https:\/\/dgmk.de\/en\/about-dgmk\/","og_site_name":"DGMK e.V.","twitter_card":"summary_large_image","schema":{"@context":"https:\/\/schema.org","@graph":[{"@type":"WebPage","@id":"https:\/\/dgmk.de\/en\/ueber-dgmk\/","url":"https:\/\/dgmk.de\/en\/ueber-dgmk\/","name":"About DGMK - DGMK e.V.","isPartOf":{"@id":"https:\/\/dgmk.de\/#website"},"datePublished":"2018-05-24T12:40:59+00:00","breadcrumb":{"@id":"https:\/\/dgmk.de\/en\/ueber-dgmk\/#breadcrumb"},"inLanguage":"en-US","potentialAction":[{"@type":"ReadAction","target":["https:\/\/dgmk.de\/en\/ueber-dgmk\/"]}]},{"@type":"BreadcrumbList","@id":"https:\/\/dgmk.de\/en\/ueber-dgmk\/#breadcrumb","itemListElement":[{"@type":"ListItem","position":1,"name":"Home","item":"https:\/\/dgmk.de\/"},{"@type":"ListItem","position":2,"name":"\u00dcber DGMK"}]},{"@type":"WebSite","@id":"https:\/\/dgmk.de\/#website","url":"https:\/\/dgmk.de\/","name":"DGMK e.V.","description":"DGMK German Society for Sustainable Energy Carriers, Mobility and Carbon Cycles e.V.","potentialAction":[{"@type":"SearchAction","target":{"@type":"EntryPoint","urlTemplate":"https:\/\/dgmk.de\/?s={search_term_string}"},"query-input":{"@type":"PropertyValueSpecification","valueRequired":true,"valueName":"search_term_string"}}],"inLanguage":"en-US"}]}},"_links":{"self":[{"href":"https:\/\/dgmk.de\/en\/wp-json\/wp\/v2\/pages\/188","targetHints":{"allow":["GET"]}}],"collection":[{"href":"https:\/\/dgmk.de\/en\/wp-json\/wp\/v2\/pages"}],"about":[{"href":"https:\/\/dgmk.de\/en\/wp-json\/wp\/v2\/types\/page"}],"author":[{"embeddable":true,"href":"https:\/\/dgmk.de\/en\/wp-json\/wp\/v2\/users\/1"}],"replies":[{"embeddable":true,"href":"https:\/\/dgmk.de\/en\/wp-json\/wp\/v2\/comments?post=188"}],"version-history":[{"count":0,"href":"https:\/\/dgmk.de\/en\/wp-json\/wp\/v2\/pages\/188\/revisions"}],"wp:attachment":[{"href":"https:\/\/dgmk.de\/en\/wp-json\/wp\/v2\/media?parent=188"}],"curies":[{"name":"wp","href":"https:\/\/api.w.org\/{rel}","templated":true}]}}