{"id":10228,"date":"2022-05-30T11:30:16","date_gmt":"2022-05-30T09:30:16","guid":{"rendered":"https:\/\/dgmk.de\/?page_id=10228"},"modified":"2025-10-14T10:01:33","modified_gmt":"2025-10-14T08:01:33","slug":"she-drives-energy-study-award","status":"publish","type":"page","link":"https:\/\/dgmk.de\/en\/research\/honors-and-awards\/she-drives-energy-study-award\/","title":{"rendered":"She Drives Energy - Study Award"},"content":{"rendered":"<div class=\"wpb-content-wrapper\"><div class='nd-container-big'><div data-vc-full-width=\"true\" data-vc-full-width-temp=\"true\" data-vc-full-width-init=\"false\" class=\"vc_row wpb_row vc_row-fluid\"><div class=\"wpb_column vc_column_container vc_col-sm-12\"><div class=\"vc_column-inner\"><div class=\"wpb_wrapper\"><div class=\"wpb_content_element header_banner\">\n\n\t<div data-section=\"content\" data-topic=\"\">\n\t\t\t        <div class='d-none d-md-block' style='min-height: 250px;'><\/div>\n\t        <div class='d-md-none' style='min-height: 250px;'><\/div>\n\t    \n\t    <div data-field=\"background_image\">\n\t        <div class=\"bg_image_set\" data-size-on-screen=\"full\" style=\"\" ><div style=\"background-image: url(https:\/\/dgmk.de\/app\/uploads\/2021\/03\/shutterstock_1798672531-480x250.jpg)\" data-size=\"small\"><\/div><div style=\"background-image: url(https:\/\/dgmk.de\/app\/uploads\/2021\/03\/shutterstock_1798672531-720x375.jpg)\" data-size=\"medium\"><\/div><div style=\"background-image: url(https:\/\/dgmk.de\/app\/uploads\/2021\/03\/shutterstock_1798672531-1162x605.jpg)\" data-size=\"medium_large\"><\/div><div style=\"background-image: url(https:\/\/dgmk.de\/app\/uploads\/2021\/03\/shutterstock_1798672531-1620x843.jpg)\" data-size=\"large\"><\/div><div style=\"background-image: url(https:\/\/dgmk.de\/app\/uploads\/2021\/03\/shutterstock_1798672531-2430x1265.jpg)\" data-size=\"very_large\"><\/div><div style=\"background-image: url(https:\/\/dgmk.de\/app\/uploads\/2021\/03\/shutterstock_1798672531-5000x2602.jpg)\" data-size=\"very_very_large\"><\/div><\/div>\n\t    <\/div>\n\n\t    \t<\/div>\n\n\t        <div data-field=\"origin\" data-add-overflow-visible-class-to-parent-row=\"true\">shutterstock \/ metamorworks; <\/div>\n    <\/div><\/div><\/div><\/div><\/div><div class=\"vc_row-full-width vc_clearfix\"><\/div><\/div><div class='nd-container-big'><div data-vc-full-width=\"true\" data-vc-full-width-temp=\"true\" data-vc-full-width-init=\"false\" class=\"vc_row wpb_row vc_row-fluid\"><div class=\"wpb_column vc_column_container vc_col-sm-8\"><div class=\"vc_column-inner\"><div class=\"wpb_wrapper\">\n\t<div class=\"wpb_text_column wpb_content_element\" >\n\t\t<div class=\"wpb_wrapper\">\n\t\t\t<h1 class=\"fnt_color_coral\">She Drives Energy &#8211; Studienpreis 2026<\/h1>\n\n\t\t<\/div>\n\t<\/div>\n<div class=\"dgmk_vc_separator\"><\/div><div class='wpb_content_element empty_space'>\n\t<div class='d-none d-md-block spacer_medium_small' style=''><\/div>\n\t<div class='d-block d-md-none spacer_medium_small' style=''><\/div>\n<\/div>\n\t<div class=\"wpb_text_column wpb_content_element\" >\n\t\t<div class=\"wpb_wrapper\">\n\t\t\t<p>The She Drives Energy - Study Award was established to recognize special achievements of young women. In doing so, we encourage contributions to the sustainable development of the energy industry.<\/p>\n\n\t\t<\/div>\n\t<\/div>\n\n\t<div class=\"wpb_text_column wpb_content_element\" >\n\t\t<div class=\"wpb_wrapper\">\n\t\t\t<h3>Conditions of participation<\/h3>\n<p>Participation is open to She Drives Energy members. Membership in She Drives Energy is free of charge. You can join <a href=\"https:\/\/dgmk.de\/en\/topics\/she-drives-energy-network-of-women-in-energy-technology\/#anmeldung-netzwerk\">here<\/a> log in.<\/p>\n<p>Wir freuen uns auf die Einsendung von Abschlussarbeiten im wissenschaftlich\/ technischen Bereich, wobei die Benotung im Jahr 2025 abgeschlossen sein muss. Es k\u00f6nnen Bachelor- und Masterarbeiten eingereicht werden. Eine Jury aus Mitgliedern des Netzwerkes aus Industrie und Forschung bewertet die eingereichten Arbeiten.<\/p>\n\n\t\t<\/div>\n\t<\/div>\n\n\t<div class=\"wpb_text_column wpb_content_element\" >\n\t\t<div class=\"wpb_wrapper\">\n\t\t\t<h3>Application documents<\/h3>\n<p>Interested parties can send their application, including the complete thesis and an explanation of how the thesis relates to the award, as a PDF file in German or English to shedrivesenergy@dgmk.de.<\/p>\n<p><span class=\"fnt_weight_medium\">Die Bewerbungsfrist l\u00e4uft bis zum 28.01.2026.<\/span><\/p>\n\n\t\t<\/div>\n\t<\/div>\n\n\t<div class=\"wpb_text_column wpb_content_element\" >\n\t\t<div class=\"wpb_wrapper\">\n\t\t\t<h3>Award ceremony<\/h3>\n<p>Der Preis ist mit 500 \u20ac dotiert. Die Preisvergabe erfolgt im Rahmen der DGMK\/ \u00d6GEW Fr\u00fchjahrstagung 2026. Dort ist zudem ein Slot f\u00fcr die Preistr\u00e4gerin vorgesehen, um in einem kurzen Beitrag \u00fcber ihre Arbeit zu berichten.<\/p>\n\n\t\t<\/div>\n\t<\/div>\n<\/div><\/div><\/div><div class=\"wpb_column vc_column_container vc_col-sm-4\"><div class=\"vc_column-inner\"><div class=\"wpb_wrapper\"><div class='wpb_content_element empty_space'>\n\t<div class='d-none d-md-block spacer_medium' style=''><\/div>\n\t<div class='d-block d-md-none spacer_medium' style=''><\/div>\n<\/div><div class='wpb_content_element empty_space'>\n\t<div class='d-none d-md-block spacer_medium_big' style=''><\/div>\n\t<div class='d-block d-md-none spacer_medium_big' style=''><\/div>\n<\/div>\n\t<div class=\"wpb_text_column wpb_content_element\" >\n\t\t<div class=\"wpb_wrapper\">\n\t\t\t<h3 style=\"text-align: right;\">Contact<\/h3>\n<p style=\"text-align: right;\">Dr. Gesa Netzeband<br \/>\n+49 4063900421<br \/>\ngesa.netzeband@dgmk.de<\/p>\n<p style=\"text-align: right;\">Miriam Baumeister<br \/>\nmiriam.baumeister@dgmk.de<\/p>\n\n\t\t<\/div>\n\t<\/div>\n<\/div><\/div><\/div><\/div><div class=\"vc_row-full-width vc_clearfix\"><\/div><\/div><div class='nd-container-big'><div data-vc-full-width=\"true\" data-vc-full-width-temp=\"true\" data-vc-full-width-init=\"false\" class=\"vc_row wpb_row vc_row-fluid\"><div class=\"wpb_column vc_column_container vc_col-sm-6\"><div class=\"vc_column-inner\"><div class=\"wpb_wrapper\"><div class='wpb_content_element button_wrapper left topic-hover-button-color'>\n    <div class=\"button_element\" style=\"min-width: 200px;\">\n\n    \t        \t<a class=\"button\" href=\"https:\/\/dgmk.de\/en\/app\/uploads\/2021\/10\/Strategiepapier_She-Drives-Energy_20211018.pdf\/\" target=\"\">\n        \n            She Drives Energy Strategy Paper\n\n                \t<\/a>\n        \n    <\/div>\n<\/div><\/div><\/div><\/div><div class=\"wpb_column vc_column_container vc_col-sm-6\"><div class=\"vc_column-inner\"><div class=\"wpb_wrapper\"><div class='wpb_content_element button_wrapper left topic-hover-button-color'>\n    <div class=\"button_element\" style=\"min-width: 200px;\">\n\n    \t        \t<a class=\"button\" href=\"https:\/\/dgmk.de\/en\/app\/uploads\/2025\/10\/Studienpreis-Flyer-2026.pdf\/\" target=\"\">\n        \n            Studienpreis Flyer 2026\n\n                \t<\/a>\n        \n    <\/div>\n<\/div><\/div><\/div><\/div><\/div><div class=\"vc_row-full-width vc_clearfix\"><\/div><\/div><div class='nd-container-big'><div data-vc-full-width=\"true\" data-vc-full-width-temp=\"true\" data-vc-full-width-init=\"false\" class=\"vc_row wpb_row vc_row-fluid\"><div class=\"wpb_column vc_column_container vc_col-sm-8\"><div class=\"vc_column-inner\"><div class=\"wpb_wrapper\"><div class='wpb_content_element empty_space'>\n\t<div class='d-none d-md-block spacer_medium' style=''><\/div>\n\t<div class='d-block d-md-none spacer_medium' style=''><\/div>\n<\/div>\n\t<div class=\"wpb_text_column wpb_content_element\" >\n\t\t<div class=\"wpb_wrapper\">\n\t\t\t<h2>We look forward to receiving numerous entries!<\/h2>\n\n\t\t<\/div>\n\t<\/div>\n<\/div><\/div><\/div><div class=\"wpb_column vc_column_container vc_col-sm-4\"><div class=\"vc_column-inner\"><div class=\"wpb_wrapper\"><\/div><\/div><\/div><\/div><div class=\"vc_row-full-width vc_clearfix\"><\/div><\/div>\n<\/div>","protected":false},"excerpt":{"rendered":"shutterstock \/ metamorworks; She Drives Energy - Studienpreis 2026 Der She Drives Energy - Studienpreis wurde ins Leben gerufen, um besondere Leistungen junger Frauen anzuerkennen. Wir f\u00f6rdern damit Beitr\u00e4ge zu der nachhaltigen Entwicklung der Energiebranche. Teilnahmebedingungen Die Teilnahme ist f\u00fcr Mitglieder von She Drives Energy ge\u00f6ffnet. Die Mitgliedschaft bei She Drives Energy ist kostenfrei. Sie &hellip; <a href=\"https:\/\/dgmk.de\/en\/research\/honors-and-awards\/she-drives-energy-study-award\/\">Continued<\/a>","protected":false},"author":1,"featured_media":9743,"parent":205,"menu_order":1,"comment_status":"closed","ping_status":"closed","template":"","meta":{"_acf_changed":false,"footnotes":""},"class_list":["post-10228","page","type-page","status-publish","has-post-thumbnail","hentry"],"acf":[],"yoast_head":"<!-- This site is optimized with the Yoast SEO plugin v26.2 - https:\/\/yoast.com\/wordpress\/plugins\/seo\/ -->\n<title>She Drives Energy - Studienpreis - DGMK e.V.<\/title>\n<meta name=\"description\" content=\"Der She Drives Energy Studienpreis wurde ins Leben gerufen, umbesondere Leistungen junger Frauen anzuerkennen.\" \/>\n<meta name=\"robots\" content=\"index, follow, max-snippet:-1, max-image-preview:large, max-video-preview:-1\" \/>\n<link rel=\"canonical\" href=\"https:\/\/dgmk.de\/en\/research\/honors-and-awards\/she-drives-energy-study-award\/\" \/>\n<meta property=\"og:locale\" content=\"en_US\" \/>\n<meta property=\"og:type\" content=\"article\" \/>\n<meta property=\"og:title\" content=\"She Drives Energy - Studienpreis - DGMK e.V.\" \/>\n<meta property=\"og:description\" content=\"Der She Drives Energy Studienpreis wurde ins Leben gerufen, umbesondere Leistungen junger Frauen anzuerkennen.\" \/>\n<meta property=\"og:url\" content=\"https:\/\/dgmk.de\/en\/research\/honors-and-awards\/she-drives-energy-study-award\/\" \/>\n<meta property=\"og:site_name\" content=\"DGMK e.V.\" \/>\n<meta property=\"article:modified_time\" content=\"2025-10-14T08:01:33+00:00\" \/>\n<meta property=\"og:image\" content=\"https:\/\/dgmk.de\/app\/uploads\/2021\/03\/shutterstock_1798672531-scaled.jpg\" \/>\n\t<meta property=\"og:image:width\" content=\"2560\" \/>\n\t<meta property=\"og:image:height\" content=\"1332\" \/>\n\t<meta property=\"og:image:type\" content=\"image\/jpeg\" \/>\n<meta name=\"twitter:card\" content=\"summary_large_image\" \/>\n<meta name=\"twitter:label1\" content=\"Est. reading time\" \/>\n\t<meta name=\"twitter:data1\" content=\"2 minutes\" \/>\n<script type=\"application\/ld+json\" class=\"yoast-schema-graph\">{\"@context\":\"https:\/\/schema.org\",\"@graph\":[{\"@type\":\"WebPage\",\"@id\":\"https:\/\/dgmk.de\/forschung\/ehrungen-und-preise\/she-drives-energy-studienpreis\/\",\"url\":\"https:\/\/dgmk.de\/forschung\/ehrungen-und-preise\/she-drives-energy-studienpreis\/\",\"name\":\"She Drives Energy - Studienpreis - DGMK e.V.\",\"isPartOf\":{\"@id\":\"https:\/\/dgmk.de\/#website\"},\"primaryImageOfPage\":{\"@id\":\"https:\/\/dgmk.de\/forschung\/ehrungen-und-preise\/she-drives-energy-studienpreis\/#primaryimage\"},\"image\":{\"@id\":\"https:\/\/dgmk.de\/forschung\/ehrungen-und-preise\/she-drives-energy-studienpreis\/#primaryimage\"},\"thumbnailUrl\":\"https:\/\/dgmk.de\/app\/uploads\/2021\/03\/shutterstock_1798672531-scaled.jpg\",\"datePublished\":\"2022-05-30T09:30:16+00:00\",\"dateModified\":\"2025-10-14T08:01:33+00:00\",\"description\":\"Der She Drives Energy Studienpreis wurde ins Leben gerufen, umbesondere Leistungen junger Frauen anzuerkennen.\",\"breadcrumb\":{\"@id\":\"https:\/\/dgmk.de\/forschung\/ehrungen-und-preise\/she-drives-energy-studienpreis\/#breadcrumb\"},\"inLanguage\":\"en-US\",\"potentialAction\":[{\"@type\":\"ReadAction\",\"target\":[\"https:\/\/dgmk.de\/forschung\/ehrungen-und-preise\/she-drives-energy-studienpreis\/\"]}]},{\"@type\":\"ImageObject\",\"inLanguage\":\"en-US\",\"@id\":\"https:\/\/dgmk.de\/forschung\/ehrungen-und-preise\/she-drives-energy-studienpreis\/#primaryimage\",\"url\":\"https:\/\/dgmk.de\/app\/uploads\/2021\/03\/shutterstock_1798672531-scaled.jpg\",\"contentUrl\":\"https:\/\/dgmk.de\/app\/uploads\/2021\/03\/shutterstock_1798672531-scaled.jpg\",\"width\":2560,\"height\":1332},{\"@type\":\"BreadcrumbList\",\"@id\":\"https:\/\/dgmk.de\/forschung\/ehrungen-und-preise\/she-drives-energy-studienpreis\/#breadcrumb\",\"itemListElement\":[{\"@type\":\"ListItem\",\"position\":1,\"name\":\"Home\",\"item\":\"https:\/\/dgmk.de\/\"},{\"@type\":\"ListItem\",\"position\":2,\"name\":\"Forschung\",\"item\":\"https:\/\/dgmk.de\/forschung\/\"},{\"@type\":\"ListItem\",\"position\":3,\"name\":\"Ehrungen und Preise\",\"item\":\"https:\/\/dgmk.de\/forschung\/ehrungen-und-preise\/\"},{\"@type\":\"ListItem\",\"position\":4,\"name\":\"She Drives Energy &#8211; Studienpreis\"}]},{\"@type\":\"WebSite\",\"@id\":\"https:\/\/dgmk.de\/#website\",\"url\":\"https:\/\/dgmk.de\/\",\"name\":\"DGMK e.V.\",\"description\":\"Deutsche Wissenschaftliche Gesellschaft f\u00fcr nachhaltige Energietr\u00e4ger, Mobilit\u00e4t und Kohlenstoffkreisl\u00e4ufe e.V.\",\"potentialAction\":[{\"@type\":\"SearchAction\",\"target\":{\"@type\":\"EntryPoint\",\"urlTemplate\":\"https:\/\/dgmk.de\/?s={search_term_string}\"},\"query-input\":{\"@type\":\"PropertyValueSpecification\",\"valueRequired\":true,\"valueName\":\"search_term_string\"}}],\"inLanguage\":\"en-US\"}]}<\/script>\n<!-- \/ Yoast SEO plugin. -->","yoast_head_json":{"title":"She Drives Energy - Study Award - DGMK e.V.","description":"The She Drives Energy Study Award was created to recognize particular achievements of young women.","robots":{"index":"index","follow":"follow","max-snippet":"max-snippet:-1","max-image-preview":"max-image-preview:large","max-video-preview":"max-video-preview:-1"},"canonical":"https:\/\/dgmk.de\/en\/research\/honors-and-awards\/she-drives-energy-study-award\/","og_locale":"en_US","og_type":"article","og_title":"She Drives Energy - Studienpreis - DGMK e.V.","og_description":"Der She Drives Energy Studienpreis wurde ins Leben gerufen, umbesondere Leistungen junger Frauen anzuerkennen.","og_url":"https:\/\/dgmk.de\/en\/research\/honors-and-awards\/she-drives-energy-study-award\/","og_site_name":"DGMK e.V.","article_modified_time":"2025-10-14T08:01:33+00:00","og_image":[{"width":2560,"height":1332,"url":"https:\/\/dgmk.de\/app\/uploads\/2021\/03\/shutterstock_1798672531-scaled.jpg","type":"image\/jpeg"}],"twitter_card":"summary_large_image","twitter_misc":{"Est. reading time":"2 minutes"},"schema":{"@context":"https:\/\/schema.org","@graph":[{"@type":"WebPage","@id":"https:\/\/dgmk.de\/forschung\/ehrungen-und-preise\/she-drives-energy-studienpreis\/","url":"https:\/\/dgmk.de\/forschung\/ehrungen-und-preise\/she-drives-energy-studienpreis\/","name":"She Drives Energy - Study Award - DGMK e.V.","isPartOf":{"@id":"https:\/\/dgmk.de\/#website"},"primaryImageOfPage":{"@id":"https:\/\/dgmk.de\/forschung\/ehrungen-und-preise\/she-drives-energy-studienpreis\/#primaryimage"},"image":{"@id":"https:\/\/dgmk.de\/forschung\/ehrungen-und-preise\/she-drives-energy-studienpreis\/#primaryimage"},"thumbnailUrl":"https:\/\/dgmk.de\/app\/uploads\/2021\/03\/shutterstock_1798672531-scaled.jpg","datePublished":"2022-05-30T09:30:16+00:00","dateModified":"2025-10-14T08:01:33+00:00","description":"The She Drives Energy Study Award was created to recognize particular achievements of young women.","breadcrumb":{"@id":"https:\/\/dgmk.de\/forschung\/ehrungen-und-preise\/she-drives-energy-studienpreis\/#breadcrumb"},"inLanguage":"en-US","potentialAction":[{"@type":"ReadAction","target":["https:\/\/dgmk.de\/forschung\/ehrungen-und-preise\/she-drives-energy-studienpreis\/"]}]},{"@type":"ImageObject","inLanguage":"en-US","@id":"https:\/\/dgmk.de\/forschung\/ehrungen-und-preise\/she-drives-energy-studienpreis\/#primaryimage","url":"https:\/\/dgmk.de\/app\/uploads\/2021\/03\/shutterstock_1798672531-scaled.jpg","contentUrl":"https:\/\/dgmk.de\/app\/uploads\/2021\/03\/shutterstock_1798672531-scaled.jpg","width":2560,"height":1332},{"@type":"BreadcrumbList","@id":"https:\/\/dgmk.de\/forschung\/ehrungen-und-preise\/she-drives-energy-studienpreis\/#breadcrumb","itemListElement":[{"@type":"ListItem","position":1,"name":"Home","item":"https:\/\/dgmk.de\/"},{"@type":"ListItem","position":2,"name":"Forschung","item":"https:\/\/dgmk.de\/forschung\/"},{"@type":"ListItem","position":3,"name":"Ehrungen und Preise","item":"https:\/\/dgmk.de\/forschung\/ehrungen-und-preise\/"},{"@type":"ListItem","position":4,"name":"She Drives Energy &#8211; Studienpreis"}]},{"@type":"WebSite","@id":"https:\/\/dgmk.de\/#website","url":"https:\/\/dgmk.de\/","name":"DGMK e.V.","description":"DGMK German Society for Sustainable Energy Carriers, Mobility and Carbon Cycles e.V.","potentialAction":[{"@type":"SearchAction","target":{"@type":"EntryPoint","urlTemplate":"https:\/\/dgmk.de\/?s={search_term_string}"},"query-input":{"@type":"PropertyValueSpecification","valueRequired":true,"valueName":"search_term_string"}}],"inLanguage":"en-US"}]}},"_links":{"self":[{"href":"https:\/\/dgmk.de\/en\/wp-json\/wp\/v2\/pages\/10228","targetHints":{"allow":["GET"]}}],"collection":[{"href":"https:\/\/dgmk.de\/en\/wp-json\/wp\/v2\/pages"}],"about":[{"href":"https:\/\/dgmk.de\/en\/wp-json\/wp\/v2\/types\/page"}],"author":[{"embeddable":true,"href":"https:\/\/dgmk.de\/en\/wp-json\/wp\/v2\/users\/1"}],"replies":[{"embeddable":true,"href":"https:\/\/dgmk.de\/en\/wp-json\/wp\/v2\/comments?post=10228"}],"version-history":[{"count":6,"href":"https:\/\/dgmk.de\/en\/wp-json\/wp\/v2\/pages\/10228\/revisions"}],"predecessor-version":[{"id":19014,"href":"https:\/\/dgmk.de\/en\/wp-json\/wp\/v2\/pages\/10228\/revisions\/19014"}],"up":[{"embeddable":true,"href":"https:\/\/dgmk.de\/en\/wp-json\/wp\/v2\/pages\/205"}],"wp:featuredmedia":[{"embeddable":true,"href":"https:\/\/dgmk.de\/en\/wp-json\/wp\/v2\/media\/9743"}],"wp:attachment":[{"href":"https:\/\/dgmk.de\/en\/wp-json\/wp\/v2\/media?parent=10228"}],"curies":[{"name":"wp","href":"https:\/\/api.w.org\/{rel}","templated":true}]}}